{"id":1161,"date":"2023-12-20T23:26:43","date_gmt":"2023-12-20T21:26:43","guid":{"rendered":"https:\/\/stephenindustries.com\/privacy-policy\/"},"modified":"2025-09-16T11:42:56","modified_gmt":"2025-09-16T09:42:56","slug":"privacy-policy","status":"publish","type":"page","link":"https:\/\/stephenindustries.com\/fi\/sijoitamme-tulevaisuuteen\/privacy-policy\/","title":{"rendered":"Asiakasrekisteri \u2013 tietosuojaseloste"},"content":{"rendered":"\n<h2 class=\"wp-block-heading\">Laatimisp\u00e4iv\u00e4<\/h2>\n\n<p>1.2.2024<\/p>\n\n<h2 class=\"wp-block-heading\">Rekisterinpit\u00e4j\u00e4<\/h2>\n\n<p>Henna Pihlman<br\/>+358440468893<br\/>henna.pihlman(a)stephenindustries.com<br\/>Stephen Industries Inc Oy<br\/>Mikonkatu 9 (Epicenter)<br\/>00100 Helsinki<br\/>Finland<\/p>\n\n<h2 class=\"wp-block-heading\">Yhteyshenkil\u00f6 rekisteri\u00e4 koskevissa asioissa<\/h2>\n\n<p>Henna Pihlman<br\/>+358440468893<br\/>henna.pihlman(a)stephenindustries.com<br\/>Stephen Industries Inc Oy<br\/>Mikonkatu 9 (Epicenter)<br\/>00100 Helsinki<br\/>Finland<\/p>\n\n<h2 class=\"wp-block-heading\">Rekisterin nimi<\/h2>\n\n<p>Asiakasrekisteri <\/p>\n\n<h2 class=\"wp-block-heading\">Henkil\u00f6tietojen k\u00e4sittelyn tarkoitus<\/h2>\n\n<p>Asiakkaiksi luetaan yhti\u00f6n sijoittajat. Rekisterin k\u00e4ytt\u00f6tarkoitus on yrityksen asiakasrekisterin yll\u00e4pit\u00e4minen, hallinnointi, arkistointi ja k\u00e4sittely sek\u00e4 asiakassuhteen hoitaminen. Henkil\u00f6tietoja k\u00e4sitell\u00e4\u00e4n henkil\u00f6tietolain sallimissa ja edellytt\u00e4miss\u00e4 rajoissa. Rekisterin tietoja voidaan k\u00e4ytt\u00e4\u00e4 yrityksen omissa rekistereiss\u00e4 esimerkiksi mainonnan kohdistamiseen luovuttamatta henkil\u00f6tietoja ulkopuolisille tahoille. Yritys saattaa k\u00e4ytt\u00e4\u00e4 asiakas- ja palvelusuhteen yll\u00e4pit\u00e4miseen yhteisty\u00f6kumppaneita, jolloin osia rekisteritiedoista saatetaan siirt\u00e4\u00e4 yhteisty\u00f6kumppanin palvelimille teknisten vaatimusten vuoksi. Tietoja k\u00e4sitell\u00e4\u00e4n ainoastaan yrityksen asiakassuhteen yll\u00e4pit\u00e4miseen teknisten rajapintojen kautta<\/p>\n\n<h2 class=\"wp-block-heading\">Rekisterin tietosis\u00e4lt\u00f6<\/h2>\n\n<p>Henkil\u00f6rekisteri sis\u00e4lt\u00e4\u00e4 seuraavia tietoja:<\/p>\n\n<ul class=\"wp-block-list\">\n<li>Henkil\u00f6n etu- ja sukunimi<\/li>\n\n\n\n<li>Edustamansa yhteis\u00f6<\/li>\n\n\n\n<li>Edustamansa yhteis\u00f6n y-tunnus\/muu tunniste<\/li>\n\n\n\n<li>S\u00e4hk\u00f6postiosoite<\/li>\n\n\n\n<li>Postiosoite<\/li>\n\n\n\n<li>Puhelinnumero<\/li>\n<\/ul>\n\n<h2 class=\"wp-block-heading\">S\u00e4\u00e4nn\u00f6nmukaiset tietol\u00e4hteet<\/h2>\n\n<p>Tietoja saadaan asiakkaan tekemist\u00e4 rekister\u00f6itymisist\u00e4 sek\u00e4 asiakassuhteen aikana asiakkaan tekemist\u00e4 ilmoituksista. Nimi- ja yhteystietojen p\u00e4ivityksi\u00e4 saadaan my\u00f6s p\u00e4ivityspalveluja tarjoavilta viranomaisilta ja yrityksilt\u00e4. Tietoja voidaan saada my\u00f6s alihankkijoilta, jotka liittyv\u00e4t palvelun k\u00e4ytt\u00e4miseen tai tuottamiseen. Asiakkaiden muista toimista digitaalisessa ymp\u00e4rist\u00f6ss\u00e4 voidaan saada tietoja yhteisty\u00f6kumppaneiden sivustoista, tietoj\u00e4rjestelmist\u00e4 tai muista digitaalisista l\u00e4hteist\u00e4, joihin kirjaudutaan s\u00e4hk\u00f6isen kutsun kautta, ev\u00e4steiden kautta tai k\u00e4ytt\u00e4m\u00e4ll\u00e4 asiakkaille annettuja tunnuksia.<\/p>\n\n<h2 class=\"wp-block-heading\">Tietojen s\u00e4\u00e4nn\u00f6nmukaiset luovutukset<\/h2>\n\n<p>Asiakasrekisterin tiedot ovat ainoastaan yrityksen k\u00e4yt\u00f6ss\u00e4, paitsi k\u00e4ytt\u00e4ess\u00e4 ulkoista palveluntarjoajaa joko lis\u00e4arvopalvelun tuottamiseen tai luottop\u00e4\u00e4t\u00f6ksen tueksi. Tietoja ei luovuteta yrityksen ulkopuolelle tai sen yhteisty\u00f6kumppaneiden k\u00e4ytt\u00f6\u00f6n, paitsi luottohakemukseen, perint\u00e4\u00e4n tai laskutukseen liittyviss\u00e4 asioissa sek\u00e4 lains\u00e4\u00e4d\u00e4nn\u00f6n velvoittaessa. Rekister\u00f6ityneen henkil\u00f6tiedot h\u00e4vitet\u00e4\u00e4n k\u00e4ytt\u00e4j\u00e4n pyynn\u00f6st\u00e4 ellei lains\u00e4\u00e4d\u00e4nt\u00f6, avoimet laskut tai perint\u00e4toimet est\u00e4 tietojen poistamista.<\/p>\n\n<h2 class=\"wp-block-heading\">Tietojen siirto EU:n tai ETA:n ulkopuolelle<\/h2>\n\n<p>Henkil\u00f6tietoja ei siirret\u00e4 Euroopan Unionin ulkopuolelle, ellei se ole yrityksen tai sen yhteisty\u00f6kumppanin teknisen toteutuksen varmistamiseksi tarpeellista.<\/p>\n\n<h2 class=\"wp-block-heading\">Rekisterin suojauksen periaatteet A: Manuaalinen aineisto<\/h2>\n\n<p>Asiakastapahtumissa ker\u00e4tt\u00e4v\u00e4t yhteystiedot ja muut manuaalisesti k\u00e4sitelt\u00e4v\u00e4t asiakastietoja sis\u00e4lt\u00e4v\u00e4t asiakirjat s\u00e4ilytet\u00e4\u00e4n alkuk\u00e4sittelyn j\u00e4lkeen lukituissa s\u00e4ilytystiloissa. Kaikilla salassapitositoumuksen allekirjoittaneilla ty\u00f6ntekij\u00f6ill\u00e4 on oikeus k\u00e4sitell\u00e4 manuaalisesti tallennettuja asiakastietoja.<\/p>\n\n<h2 class=\"wp-block-heading\">Rekisterin suojauksen periaatteet B: ATK:lla k\u00e4sitelt\u00e4v\u00e4t toiminnot<\/h2>\n\n<p>Kaikilla yrityksen ja sen lukuun toimivien yritysten ty\u00f6ntekij\u00f6ill\u00e4 on oikeus k\u00e4ytt\u00e4\u00e4 asiakasomistaja- ja asiakasrekisteri\u00e4 ja yll\u00e4pit\u00e4\u00e4 sen tietoja. Kullakin m\u00e4\u00e4ritellyll\u00e4 k\u00e4ytt\u00e4j\u00e4ll\u00e4 on oma henkil\u00f6kohtainen k\u00e4ytt\u00e4j\u00e4tunnus ja salasana. Jokainen k\u00e4ytt\u00e4j\u00e4 on allekirjoittanut salassapitositoumuksen. J\u00e4rjestelm\u00e4 on suojattu palomuurilla, joka suojaa ulkopuolelta tulevia yhteydenottoja j\u00e4rjestelm\u00e4\u00e4n.<\/p>\n\n<h2 class=\"wp-block-heading\">Ev\u00e4steet<\/h2>\n\n<p>K\u00e4yt\u00e4mme sivuillamme ev\u00e4steit\u00e4 (\u201dcookies\u201d). Ev\u00e4ste on pieni, k\u00e4ytt\u00e4j\u00e4n tietokoneelle l\u00e4hetett\u00e4v\u00e4 ja siell\u00e4 s\u00e4ilytett\u00e4v\u00e4 tekstitiedosto. Ev\u00e4steet eiv\u00e4t vahingoita k\u00e4ytt\u00e4jien tietokoneita tai tiedostoja. Ev\u00e4steiden k\u00e4yt\u00f6n ensisijaisena tarkoituksena on parantaa ja mukauttaa vierailijan k\u00e4ytt\u00f6kokemusta sivustolla sek\u00e4 analysoida ja parantaa sivuston toimivuutta ja sis\u00e4lt\u00f6\u00e4.&#13;\nEv\u00e4steiden avulla ker\u00e4ttyj\u00e4 tietoja voidaan my\u00f6s hy\u00f6dynt\u00e4\u00e4 viestinn\u00e4n ja markkinoinnin kohdentamisessa sek\u00e4 markkinointitoimenpiteiden optimoinnissa. Vierailijaa ei voida tunnistaa pelkkien ev\u00e4steiden avulla. Ev\u00e4steiden avulla saatua tietoa voidaan kuitenkin liitt\u00e4\u00e4 k\u00e4ytt\u00e4j\u00e4lt\u00e4 mahdollisesti muussa yhteydess\u00e4 saatuihin tietoihin, esimerkiksi k\u00e4ytt\u00e4j\u00e4n t\u00e4ytt\u00e4ess\u00e4 lomakkeen sivustollamme.<\/p>\n\n<p>Ev\u00e4steiden avulla ker\u00e4t\u00e4\u00e4n seuraavanlaisia tietoja:<\/p>\n\n<ul class=\"wp-block-list\">\n<li>vierailijan IP-osoite<\/li>\n\n\n\n<li>vierailun ajankohta<\/li>\n\n\n\n<li>selatut sivut ja sivujen katseluajat<\/li>\n\n\n\n<li>vierailijan selain<\/li>\n<\/ul>\n\n<h2 class=\"wp-block-heading\">Sinun oikeutesi<\/h2>\n\n<p>Sivuillamme vierailevalla k\u00e4ytt\u00e4j\u00e4ll\u00e4 on mahdollisuus koska tahansa est\u00e4\u00e4 ev\u00e4steiden k\u00e4ytt\u00f6 muuttamalla selaimensa asetuksia. Useimmat selainohjelmat mahdollistavat ev\u00e4ste-toiminnon poiskytkemisen ja jo tallennettujen ev\u00e4steiden poistamisen. Ev\u00e4steiden k\u00e4yt\u00f6n est\u00e4minen saattaa vaikuttaa sivuston toiminnallisuuteen.<\/p>\n\n<h2 class=\"wp-block-heading\">Google Analytics<\/h2>\n\n<p>Sivustolta ker\u00e4t\u00e4\u00e4n k\u00e4ytt\u00f6statistiikkaa Google Analytics -palveluun, jonka tarkoituksena on sivuston seuranta, kehitt\u00e4minen ja markkinoinnin suunnitteleminen. Ker\u00e4tt\u00e4v\u00e4st\u00e4 datasta ei voida yksil\u00f6id\u00e4 tietoja yksitt\u00e4iseen k\u00e4ytt\u00e4j\u00e4\u00e4n tai henkil\u00f6\u00f6n.&#13;\nLis\u00e4ksi sivustolla on k\u00e4yt\u00f6ss\u00e4 kohderyhm\u00e4tieto- ja aihepiiritiedon ker\u00e4ys (Google Analytics Demographics), jolla tallennetaan k\u00e4ytt\u00e4j\u00e4st\u00e4 mm. ik\u00e4, sukupuoli ja k\u00e4ytt\u00e4j\u00e4n aihepiirit. N\u00e4iden tietojen ker\u00e4\u00e4miseen liittyvi\u00e4 asetuksia voit muuttaa omalla Google-tilill\u00e4si osoitteessa https:\/\/www.google.com\/settings\/ads<\/p>\n\n<p>Google Analytics seurannan voit ottaa halutessasi pois k\u00e4yt\u00f6st\u00e4 Chrome-selaimen lis\u00e4osalla.<\/p>\n\n<h2 class=\"wp-block-heading\">Tarkastusoikeus<\/h2>\n\n<p>Rekister\u00f6idyll\u00e4 on oikeus tarkistaa, mit\u00e4 tietoja h\u00e4nest\u00e4 on rekisteriss\u00e4. Tarkastuspyynt\u00f6 tulee tehd\u00e4 kirjallisena ottamalla yhteys rekisterin yhteyshenkil\u00f6\u00f6n suomeksi tai englanniksi. Tarkastuspyynt\u00f6 on allekirjoitettava.&#13;\nRekister\u00f6idyll\u00e4 on oikeus kielt\u00e4\u00e4 tietojensa k\u00e4sittely ja luovuttaminen suoramainontaa, et\u00e4myynti\u00e4 ja suoramarkkinointia sek\u00e4 markkina- ja mielipidetutkimusta varten ottamalla yhteys rekisterin yhteyshenkil\u00f6\u00f6n.<\/p>\n\n<h2 class=\"wp-block-heading\">Oikeus vaatia tiedon korjaamista<\/h2>\n\n<p>Rekisteriss\u00e4 oleva, k\u00e4sittelyn tarkoituksen kannalta virheellinen, tarpeeton, puutteellinen tai vanhentunut henkil\u00f6tieto on oikaistava, poistettava tai t\u00e4ydennett\u00e4v\u00e4. Korjauspyynt\u00f6 tulee tehd\u00e4 omak\u00e4tisesti allekirjoitetulla kirjallisella pyynn\u00f6ll\u00e4 henkil\u00f6rekisterin yll\u00e4pit\u00e4j\u00e4lle.&#13;\nPyynn\u00f6ss\u00e4 tulee yksil\u00f6id\u00e4 mit\u00e4 tietoja vaaditaan korjattavaksi ja mill\u00e4 perusteella. Korjaaminen toteutetaan viivytyksett\u00e4. Virheen korjaamisesta ilmoitetaan sille, jolta virheelliset tiedot on saatu tai jolle tiedot on luovutettu. Korjauspyynn\u00f6n ep\u00e4\u00e4misest\u00e4 rekisterin vastuuhenkil\u00f6 antaa kirjallisen todistuksen, jossa mainitaan syyt, joiden vuoksi korjauspyynt\u00f6 on ev\u00e4tty. Asianomainen voi saattaa ep\u00e4\u00e4misen tietosuojavaltuutetun ratkaistavaksi.<\/p>\n\n<h2 class=\"wp-block-heading\">Muut henkil\u00f6tietojen k\u00e4sittelyyn liittyv\u00e4t oikeudet<\/h2>\n\n<p>Rekister\u00f6idyll\u00e4 on oikeus kielt\u00e4\u00e4 tietojensa luovuttaminen ja k\u00e4sittely suoramainontaa ja muuta markkinointia varten, vaatia tietojen anonymisointia soveltuvin osin sek\u00e4 oikeus tulla kokonaan unohdetuksi.<\/p>\n","protected":false},"excerpt":{"rendered":"<p>Laatimisp\u00e4iv\u00e4 1.2.2024 Rekisterinpit\u00e4j\u00e4 Henna Pihlman+358440468893henna.pihlman(a)stephenindustries.comStephen Industries Inc OyMikonkatu 9 (Epicenter)00100 HelsinkiFinland Yhteyshenkil\u00f6 rekisteri\u00e4 koskevissa asioissa Henna Pihlman+358440468893henna.pihlman(a)stephenindustries.comStephen Industries Inc OyMikonkatu 9 (Epicenter)00100 HelsinkiFinland Rekisterin nimi Asiakasrekisteri Henkil\u00f6tietojen k\u00e4sittelyn tarkoitus Asiakkaiksi luetaan yhti\u00f6n sijoittajat. Rekisterin k\u00e4ytt\u00f6tarkoitus on yrityksen asiakasrekisterin yll\u00e4pit\u00e4minen, hallinnointi, arkistointi ja k\u00e4sittely sek\u00e4 asiakassuhteen hoitaminen. Henkil\u00f6tietoja k\u00e4sitell\u00e4\u00e4n henkil\u00f6tietolain sallimissa ja edellytt\u00e4miss\u00e4 rajoissa. Rekisterin tietoja [&hellip;]<\/p>\n","protected":false},"author":4,"featured_media":0,"parent":1180,"menu_order":0,"comment_status":"closed","ping_status":"closed","template":"privacy","meta":{"_acf_changed":false,"inline_featured_image":false,"footnotes":""},"class_list":["post-1161","page","type-page","status-publish","hentry"],"acf":[],"yoast_head":"<!-- This site is optimized with the Yoast SEO plugin v25.9 - https:\/\/yoast.com\/wordpress\/plugins\/seo\/ -->\n<title>Asiakasrekisteri \u2013 tietosuojaseloste - Stephen Industries<\/title>\n<meta name=\"robots\" content=\"index, follow, max-snippet:-1, max-image-preview:large, max-video-preview:-1\" \/>\n<link rel=\"canonical\" href=\"https:\/\/stephenindustries.com\/fi\/sijoitamme-tulevaisuuteen\/privacy-policy\/\" \/>\n<meta property=\"og:locale\" content=\"fi_FI\" \/>\n<meta property=\"og:type\" content=\"article\" \/>\n<meta property=\"og:title\" content=\"Asiakasrekisteri \u2013 tietosuojaseloste - Stephen Industries\" \/>\n<meta property=\"og:description\" content=\"Laatimisp\u00e4iv\u00e4 1.2.2024 Rekisterinpit\u00e4j\u00e4 Henna Pihlman+358440468893henna.pihlman(a)stephenindustries.comStephen Industries Inc OyMikonkatu 9 (Epicenter)00100 HelsinkiFinland Yhteyshenkil\u00f6 rekisteri\u00e4 koskevissa asioissa Henna Pihlman+358440468893henna.pihlman(a)stephenindustries.comStephen Industries Inc OyMikonkatu 9 (Epicenter)00100 HelsinkiFinland Rekisterin nimi Asiakasrekisteri Henkil\u00f6tietojen k\u00e4sittelyn tarkoitus Asiakkaiksi luetaan yhti\u00f6n sijoittajat. Rekisterin k\u00e4ytt\u00f6tarkoitus on yrityksen asiakasrekisterin yll\u00e4pit\u00e4minen, hallinnointi, arkistointi ja k\u00e4sittely sek\u00e4 asiakassuhteen hoitaminen. Henkil\u00f6tietoja k\u00e4sitell\u00e4\u00e4n henkil\u00f6tietolain sallimissa ja edellytt\u00e4miss\u00e4 rajoissa. Rekisterin tietoja [&hellip;]\" \/>\n<meta property=\"og:url\" content=\"https:\/\/stephenindustries.com\/fi\/sijoitamme-tulevaisuuteen\/privacy-policy\/\" \/>\n<meta property=\"og:site_name\" content=\"Stephen Industries\" \/>\n<meta property=\"article:modified_time\" content=\"2025-09-16T09:42:56+00:00\" \/>\n<meta name=\"twitter:card\" content=\"summary_large_image\" \/>\n<meta name=\"twitter:label1\" content=\"Arvioitu lukuaika\" \/>\n\t<meta name=\"twitter:data1\" content=\"5 minuuttia\" \/>\n<script type=\"application\/ld+json\" class=\"yoast-schema-graph\">{\"@context\":\"https:\/\/schema.org\",\"@graph\":[{\"@type\":\"WebPage\",\"@id\":\"https:\/\/stephenindustries.com\/fi\/sijoitamme-tulevaisuuteen\/privacy-policy\/\",\"url\":\"https:\/\/stephenindustries.com\/fi\/sijoitamme-tulevaisuuteen\/privacy-policy\/\",\"name\":\"Asiakasrekisteri \u2013 tietosuojaseloste - Stephen Industries\",\"isPartOf\":{\"@id\":\"https:\/\/stephenindustries.com\/fi\/#website\"},\"datePublished\":\"2023-12-20T21:26:43+00:00\",\"dateModified\":\"2025-09-16T09:42:56+00:00\",\"breadcrumb\":{\"@id\":\"https:\/\/stephenindustries.com\/fi\/sijoitamme-tulevaisuuteen\/privacy-policy\/#breadcrumb\"},\"inLanguage\":\"fi\",\"potentialAction\":[{\"@type\":\"ReadAction\",\"target\":[\"https:\/\/stephenindustries.com\/fi\/sijoitamme-tulevaisuuteen\/privacy-policy\/\"]}]},{\"@type\":\"BreadcrumbList\",\"@id\":\"https:\/\/stephenindustries.com\/fi\/sijoitamme-tulevaisuuteen\/privacy-policy\/#breadcrumb\",\"itemListElement\":[{\"@type\":\"ListItem\",\"position\":1,\"name\":\"Home\",\"item\":\"https:\/\/stephenindustries.com\/fi\/\"},{\"@type\":\"ListItem\",\"position\":2,\"name\":\"Asiakasrekisteri \u2013 tietosuojaseloste\"}]},{\"@type\":\"WebSite\",\"@id\":\"https:\/\/stephenindustries.com\/fi\/#website\",\"url\":\"https:\/\/stephenindustries.com\/fi\/\",\"name\":\"Stephen Industries\",\"description\":\"Creating futures since 1992\",\"publisher\":{\"@id\":\"https:\/\/stephenindustries.com\/fi\/#organization\"},\"potentialAction\":[{\"@type\":\"SearchAction\",\"target\":{\"@type\":\"EntryPoint\",\"urlTemplate\":\"https:\/\/stephenindustries.com\/fi\/?s={search_term_string}\"},\"query-input\":{\"@type\":\"PropertyValueSpecification\",\"valueRequired\":true,\"valueName\":\"search_term_string\"}}],\"inLanguage\":\"fi\"},{\"@type\":\"Organization\",\"@id\":\"https:\/\/stephenindustries.com\/fi\/#organization\",\"name\":\"Stephen Industries\",\"url\":\"https:\/\/stephenindustries.com\/fi\/\",\"logo\":{\"@type\":\"ImageObject\",\"inLanguage\":\"fi\",\"@id\":\"https:\/\/stephenindustries.com\/fi\/#\/schema\/logo\/image\/\",\"url\":\"https:\/\/stephenindustries.com\/wp-content\/uploads\/2024\/01\/stephen-industries-logo.svg\",\"contentUrl\":\"https:\/\/stephenindustries.com\/wp-content\/uploads\/2024\/01\/stephen-industries-logo.svg\",\"width\":265,\"height\":75,\"caption\":\"Stephen Industries\"},\"image\":{\"@id\":\"https:\/\/stephenindustries.com\/fi\/#\/schema\/logo\/image\/\"}}]}<\/script>\n<!-- \/ Yoast SEO plugin. -->","yoast_head_json":{"title":"Asiakasrekisteri \u2013 tietosuojaseloste - Stephen Industries","robots":{"index":"index","follow":"follow","max-snippet":"max-snippet:-1","max-image-preview":"max-image-preview:large","max-video-preview":"max-video-preview:-1"},"canonical":"https:\/\/stephenindustries.com\/fi\/sijoitamme-tulevaisuuteen\/privacy-policy\/","og_locale":"fi_FI","og_type":"article","og_title":"Asiakasrekisteri \u2013 tietosuojaseloste - Stephen Industries","og_description":"Laatimisp\u00e4iv\u00e4 1.2.2024 Rekisterinpit\u00e4j\u00e4 Henna Pihlman+358440468893henna.pihlman(a)stephenindustries.comStephen Industries Inc OyMikonkatu 9 (Epicenter)00100 HelsinkiFinland Yhteyshenkil\u00f6 rekisteri\u00e4 koskevissa asioissa Henna Pihlman+358440468893henna.pihlman(a)stephenindustries.comStephen Industries Inc OyMikonkatu 9 (Epicenter)00100 HelsinkiFinland Rekisterin nimi Asiakasrekisteri Henkil\u00f6tietojen k\u00e4sittelyn tarkoitus Asiakkaiksi luetaan yhti\u00f6n sijoittajat. Rekisterin k\u00e4ytt\u00f6tarkoitus on yrityksen asiakasrekisterin yll\u00e4pit\u00e4minen, hallinnointi, arkistointi ja k\u00e4sittely sek\u00e4 asiakassuhteen hoitaminen. Henkil\u00f6tietoja k\u00e4sitell\u00e4\u00e4n henkil\u00f6tietolain sallimissa ja edellytt\u00e4miss\u00e4 rajoissa. Rekisterin tietoja [&hellip;]","og_url":"https:\/\/stephenindustries.com\/fi\/sijoitamme-tulevaisuuteen\/privacy-policy\/","og_site_name":"Stephen Industries","article_modified_time":"2025-09-16T09:42:56+00:00","twitter_card":"summary_large_image","twitter_misc":{"Arvioitu lukuaika":"5 minuuttia"},"schema":{"@context":"https:\/\/schema.org","@graph":[{"@type":"WebPage","@id":"https:\/\/stephenindustries.com\/fi\/sijoitamme-tulevaisuuteen\/privacy-policy\/","url":"https:\/\/stephenindustries.com\/fi\/sijoitamme-tulevaisuuteen\/privacy-policy\/","name":"Asiakasrekisteri \u2013 tietosuojaseloste - Stephen Industries","isPartOf":{"@id":"https:\/\/stephenindustries.com\/fi\/#website"},"datePublished":"2023-12-20T21:26:43+00:00","dateModified":"2025-09-16T09:42:56+00:00","breadcrumb":{"@id":"https:\/\/stephenindustries.com\/fi\/sijoitamme-tulevaisuuteen\/privacy-policy\/#breadcrumb"},"inLanguage":"fi","potentialAction":[{"@type":"ReadAction","target":["https:\/\/stephenindustries.com\/fi\/sijoitamme-tulevaisuuteen\/privacy-policy\/"]}]},{"@type":"BreadcrumbList","@id":"https:\/\/stephenindustries.com\/fi\/sijoitamme-tulevaisuuteen\/privacy-policy\/#breadcrumb","itemListElement":[{"@type":"ListItem","position":1,"name":"Home","item":"https:\/\/stephenindustries.com\/fi\/"},{"@type":"ListItem","position":2,"name":"Asiakasrekisteri \u2013 tietosuojaseloste"}]},{"@type":"WebSite","@id":"https:\/\/stephenindustries.com\/fi\/#website","url":"https:\/\/stephenindustries.com\/fi\/","name":"Stephen Industries","description":"Creating futures since 1992","publisher":{"@id":"https:\/\/stephenindustries.com\/fi\/#organization"},"potentialAction":[{"@type":"SearchAction","target":{"@type":"EntryPoint","urlTemplate":"https:\/\/stephenindustries.com\/fi\/?s={search_term_string}"},"query-input":{"@type":"PropertyValueSpecification","valueRequired":true,"valueName":"search_term_string"}}],"inLanguage":"fi"},{"@type":"Organization","@id":"https:\/\/stephenindustries.com\/fi\/#organization","name":"Stephen Industries","url":"https:\/\/stephenindustries.com\/fi\/","logo":{"@type":"ImageObject","inLanguage":"fi","@id":"https:\/\/stephenindustries.com\/fi\/#\/schema\/logo\/image\/","url":"https:\/\/stephenindustries.com\/wp-content\/uploads\/2024\/01\/stephen-industries-logo.svg","contentUrl":"https:\/\/stephenindustries.com\/wp-content\/uploads\/2024\/01\/stephen-industries-logo.svg","width":265,"height":75,"caption":"Stephen Industries"},"image":{"@id":"https:\/\/stephenindustries.com\/fi\/#\/schema\/logo\/image\/"}}]}},"_links":{"self":[{"href":"https:\/\/stephenindustries.com\/fi\/wp-json\/wp\/v2\/pages\/1161","targetHints":{"allow":["GET"]}}],"collection":[{"href":"https:\/\/stephenindustries.com\/fi\/wp-json\/wp\/v2\/pages"}],"about":[{"href":"https:\/\/stephenindustries.com\/fi\/wp-json\/wp\/v2\/types\/page"}],"author":[{"embeddable":true,"href":"https:\/\/stephenindustries.com\/fi\/wp-json\/wp\/v2\/users\/4"}],"replies":[{"embeddable":true,"href":"https:\/\/stephenindustries.com\/fi\/wp-json\/wp\/v2\/comments?post=1161"}],"version-history":[{"count":6,"href":"https:\/\/stephenindustries.com\/fi\/wp-json\/wp\/v2\/pages\/1161\/revisions"}],"predecessor-version":[{"id":1807,"href":"https:\/\/stephenindustries.com\/fi\/wp-json\/wp\/v2\/pages\/1161\/revisions\/1807"}],"up":[{"embeddable":true,"href":"https:\/\/stephenindustries.com\/fi\/wp-json\/wp\/v2\/pages\/1180"}],"wp:attachment":[{"href":"https:\/\/stephenindustries.com\/fi\/wp-json\/wp\/v2\/media?parent=1161"}],"curies":[{"name":"wp","href":"https:\/\/api.w.org\/{rel}","templated":true}]}}