{"id":1182,"date":"2024-01-04T03:09:52","date_gmt":"2024-01-04T01:09:52","guid":{"rendered":"https:\/\/stephenindustries.com\/sijoitamme-tulevaisuuteen\/hyvantekevaisyys\/"},"modified":"2026-03-17T14:12:09","modified_gmt":"2026-03-17T12:12:09","slug":"hyvantekevaisyys","status":"publish","type":"page","link":"https:\/\/stephenindustries.com\/fi\/sijoitamme-tulevaisuuteen\/hyvantekevaisyys\/","title":{"rendered":"Hyv\u00e4ntekev\u00e4isyys &#038; Sponsorointi"},"content":{"rendered":"\n<div class=\"wp-block-group stephen-breadcrumbs-page-container stephen-philanthropy-block is-layout-constrained wp-block-group-is-layout-constrained\">\n<section class=\"wp-block-group stephen-breadcrumbs-block is-layout-constrained wp-container-core-group-is-layout-e31dcd61 wp-block-group-is-layout-constrained\" style=\"padding-right:3.75rem;padding-left:3.75rem\"><div class=\"wp-block-stephen-blocks-breadcrumbs\">\n\t<div class=\"breadcrumbs\"><\/div><\/div><\/section>\n\n\n\n<section class=\"wp-block-group stephen-content-block has-white-background-color has-background is-layout-constrained wp-container-core-group-is-layout-b9811bd9 wp-block-group-is-layout-constrained\" style=\"border-radius:0rem;padding-top:5rem;padding-right:3.75rem;padding-left:3.75rem\">\n<div class=\"wp-block-group page-title-block is-layout-constrained wp-block-group-is-layout-constrained\"><h1 style=\"margin-bottom:2.38rem;\" class=\"has-link-color wp-elements-9e0692457af66515ca64aafa4a285151 wp-block-post-title has-text-color has-dark-green-color\">Hyv\u00e4ntekev\u00e4isyys &#038; Sponsorointi<\/h1>\n\n\n<div class=\"wp-block-group page-excerpt is-content-justification-left is-layout-constrained wp-container-core-group-is-layout-70bac7cf wp-block-group-is-layout-constrained\" style=\"min-height:12.69rem\">\n<p style=\"font-size:2rem;line-height:1.13\">Meill\u00e4 on korkeat standardit kaikissa ESG-linjauksissa \u2013 sek\u00e4 omassa yrityksess\u00e4mme ett\u00e4 kohdeyrityksiss\u00e4mme. Lis\u00e4ksi tuemme paikallista jalkapalloa ja lupaavia junioriurheilijoita FC Gnistanin ja sen Kipin\u00e4rahaston kautta. Tuemme my\u00f6s muita urheilujoukkueita ja yhdistyksi\u00e4 sponsorointien kautta. &#13;\n<\/p>\n\n\n\n<div style=\"height:100px\" aria-hidden=\"true\" class=\"wp-block-spacer\"><\/div>\n<\/div>\n<\/div>\n\n\n\n<div class=\"wp-block-group stephen-page-body-block big-body-block is-layout-constrained wp-block-group-is-layout-constrained\" style=\"padding-bottom:8.69rem\">\n<div class=\"wp-block-columns two-columns-title-text is-layout-flex wp-container-core-columns-is-layout-ec1b5d48 wp-block-columns-is-layout-flex\">\n<div class=\"wp-block-column is-layout-flow wp-block-column-is-layout-flow\" style=\"flex-basis:26.4375rem\">\n<div class=\"wp-block-group is-content-justification-left is-layout-constrained wp-container-core-group-is-layout-9c0cb6c6 wp-block-group-is-layout-constrained\">\n<p style=\"margin-bottom:0.94rem;font-size:2.63rem;font-style:normal;font-weight:500;line-height:1.05\">Gnistan<\/p>\n\n\n\n<a class=\"wp-block-stephen-blocks-arrow-button\" href=\"https:\/\/gnistan.fi\/kipinarahasto\" target=\"_self\" rel=\"noopener\"><svg width=\"28\" height=\"10\" viewBox=\"0 0 28 10\" fill=\"none\" xmlns=\"http:\/\/www.w3.org\/2000\/svg\"><path d=\"M27.7143 4.6623V5.3377L22 10C22 8.01883 23.2911 6.26279 25.1987 5.63651L27.1437 4.99795L25.1987 4.35939C23.2911 3.73721 22 1.98117 22 0L27.7143 4.6623Z\" fill=\"#00261E\"><\/path><path d=\"M26.5 4L25 4.5L25.5 6.5L27.5 5.5V4.5L26.5 4Z\" fill=\"#00261E\"><\/path><line y1=\"5\" x2=\"26\" y2=\"5\" stroke=\"#00261E\" stroke-width=\"2\"><\/line><\/svg><span class=\"link-text\">gnistan.fi\/kipinarahasto<\/span><\/a><br>\n<\/div>\n\n\n\n<p><\/p>\n\n\n\n<figure class=\"wp-block-image size-full is-resized\"><img loading=\"lazy\" decoding=\"async\" width=\"258\" height=\"300\" src=\"https:\/\/stephenindustries.com\/wp-content\/uploads\/2025\/09\/if-gnistan-logo.png\" alt=\"\" class=\"wp-image-1717\" style=\"width:157px;height:auto\"\/><\/figure>\n<\/div>\n\n\n\n<div class=\"wp-block-column is-layout-flow wp-block-column-is-layout-flow\" style=\"padding-right:7rem;flex-basis:54.4375%\">\n<p style=\"margin-bottom:1.81rem;font-size:1.56rem;line-height:1.16\">Gnistan on vuonna 1924 perustettu perinteinen helsinkil\u00e4inen jalkapalloseura. Seuraan kuuluu l\u00e4hes 1200 rekister\u00f6itynytt\u00e4 pelaajaa, kannattajineen ja valmentajineen. Seura tarjoaa monipuoliset mahdollisuudet jalkapallon harrastamiseen poikien ja tytt\u00f6jen joukkueista naisiin, miehiin ja senioreihin.&#13;\n<\/p>\n\n\n\n<p style=\"font-size:1.56rem;line-height:1.16\">Haluamme pit\u00e4\u00e4 lupaavien jalkapallojunioreiden kipin\u00e4n elossa! FC Gnistanin vuonna 2013 perustama Kipin\u00e4rahasto tukee seuran junioreita. Taloudellisen tuen lis\u00e4ksi my\u00f6nt\u00e4misperusteita ovat juniorin kehittymiskyky ja motivaatio jalkapalloilijana, sitoutuminen seuran j\u00e4seneksi sek\u00e4 monikulttuuristen arvojen tukeminen.&#13;\n<\/p>\n\n\n\n<div class=\"wp-block-group is-layout-constrained wp-block-group-is-layout-constrained\">\n<a class=\"wp-block-stephen-blocks-arrow-button\" href=\"https:\/\/gnistan.fi\/kipinarahasto\" target=\"_blank\" rel=\"noopener\"><span class=\"link-text\">gnistan.fi\/kipinarahasto<\/span><\/a>\n<\/div>\n\n\n\n<div style=\"height:100px\" aria-hidden=\"true\" class=\"wp-block-spacer\"><\/div>\n<\/div>\n<\/div>\n\n\n\n<div class=\"wp-block-columns two-columns-title-text is-layout-flex wp-container-core-columns-is-layout-ec1b5d48 wp-block-columns-is-layout-flex\">\n<div class=\"wp-block-column is-vertically-aligned-top is-layout-flow wp-block-column-is-layout-flow\" style=\"flex-basis:26.4375rem\">\n<div class=\"wp-block-group is-content-justification-left is-layout-constrained wp-container-core-group-is-layout-9c0cb6c6 wp-block-group-is-layout-constrained\">\n<p style=\"margin-bottom:0.94rem;font-size:2.63rem;font-style:normal;font-weight:500;line-height:1.05\">Botnia Bandy<\/p>\n<\/div>\n\n\n\n<div class=\"wp-block-columns is-layout-flex wp-container-core-columns-is-layout-28f84493 wp-block-columns-is-layout-flex\">\n<div class=\"wp-block-column is-layout-flow wp-block-column-is-layout-flow\" style=\"flex-basis:100%\">\n<div class=\"wp-block-group is-layout-constrained wp-block-group-is-layout-constrained\">\n<div class=\"wp-block-group is-layout-constrained wp-block-group-is-layout-constrained\">\n<div class=\"wp-block-group is-layout-constrained wp-block-group-is-layout-constrained\">\n<a class=\"wp-block-stephen-blocks-arrow-button\" href=\"http:\/\/botniabandy.fi\/\" target=\"_parent\" rel=\"noopener\"><svg width=\"28\" height=\"10\" viewBox=\"0 0 28 10\" fill=\"none\" xmlns=\"http:\/\/www.w3.org\/2000\/svg\"><path d=\"M27.7143 4.6623V5.3377L22 10C22 8.01883 23.2911 6.26279 25.1987 5.63651L27.1437 4.99795L25.1987 4.35939C23.2911 3.73721 22 1.98117 22 0L27.7143 4.6623Z\" fill=\"#00261E\"><\/path><path d=\"M26.5 4L25 4.5L25.5 6.5L27.5 5.5V4.5L26.5 4Z\" fill=\"#00261E\"><\/path><line y1=\"5\" x2=\"26\" y2=\"5\" stroke=\"#00261E\" stroke-width=\"2\"><\/line><\/svg><span class=\"link-text\">botniabandy.fi<\/span><\/a><br>\n\n\n\n<p><\/p>\n<\/div>\n<\/div>\n<\/div>\n<\/div>\n<\/div>\n\n\n\n<figure class=\"wp-block-image size-full is-resized\"><img loading=\"lazy\" decoding=\"async\" width=\"629\" height=\"616\" src=\"https:\/\/stephenindustries.com\/wp-content\/uploads\/2025\/09\/Botnia-1.jpg\" alt=\"\" class=\"wp-image-1729\" style=\"width:184px;height:auto\" srcset=\"https:\/\/stephenindustries.com\/wp-content\/uploads\/2025\/09\/Botnia-1.jpg 629w, https:\/\/stephenindustries.com\/wp-content\/uploads\/2025\/09\/Botnia-1-300x294.jpg 300w\" sizes=\"auto, (max-width: 629px) 100vw, 629px\" \/><\/figure>\n<\/div>\n\n\n\n<div class=\"wp-block-column is-layout-flow wp-block-column-is-layout-flow\" style=\"padding-right:7rem;flex-basis:54.4375%\">\n<p style=\"margin-bottom:1.81rem;font-size:1.56rem;line-height:1.16\">Botnia Bandy on vuonna 1969 perustettu Helsinkil\u00e4inen j\u00e4\u00e4pallojoukkue, jonka perustivat Pohjois-Pohjalaisen osakunnan opiskelijat Helsingiss\u00e4 Ostrobotniassa.<\/p>\n\n\n\n<div class=\"wp-block-columns is-layout-flex wp-container-core-columns-is-layout-28f84493 wp-block-columns-is-layout-flex\">\n<div class=\"wp-block-column is-layout-flow wp-block-column-is-layout-flow\" style=\"flex-basis:100%\">\n<div class=\"wp-block-group is-layout-constrained wp-block-group-is-layout-constrained\">\n<div class=\"wp-block-group is-layout-constrained wp-block-group-is-layout-constrained\">\n<div class=\"wp-block-columns is-layout-flex wp-container-core-columns-is-layout-28f84493 wp-block-columns-is-layout-flex\">\n<div class=\"wp-block-column is-layout-flow wp-block-column-is-layout-flow\" style=\"flex-basis:100%\">\n<a class=\"wp-block-stephen-blocks-arrow-button\" target=\"_self\" rel=\"noopener\"><span class=\"link-text\">http:\/\/botniabandy.fi\/<\/span><\/a>\n<\/div>\n<\/div>\n<\/div>\n<\/div>\n<\/div>\n<\/div>\n<\/div>\n<\/div>\n<\/div>\n\n\n\n<p><\/p>\n\n\n\n<div class=\"wp-block-group stephen-page-body-block big-body-block is-layout-constrained wp-block-group-is-layout-constrained\" style=\"padding-bottom:8.69rem\">\n<div class=\"wp-block-columns two-columns-title-text is-layout-flex wp-container-core-columns-is-layout-ec1b5d48 wp-block-columns-is-layout-flex\">\n<div class=\"wp-block-column is-layout-flow wp-block-column-is-layout-flow\" style=\"flex-basis:26.4375rem\">\n<div class=\"wp-block-group is-content-justification-left is-layout-constrained wp-container-core-group-is-layout-9c0cb6c6 wp-block-group-is-layout-constrained\">\n<p style=\"margin-bottom:0.94rem;font-size:2.63rem;font-style:normal;font-weight:500;line-height:1.05\">Blizzard<\/p>\n\n\n\n<div class=\"wp-block-columns is-layout-flex wp-container-core-columns-is-layout-28f84493 wp-block-columns-is-layout-flex\">\n<div class=\"wp-block-column is-layout-flow wp-block-column-is-layout-flow\" style=\"flex-basis:100%\">\n<div class=\"wp-block-group is-layout-constrained wp-block-group-is-layout-constrained\">\n<a class=\"wp-block-stephen-blocks-arrow-button\" href=\"https:\/\/www.spiritshakin.net\/harjoittelu\/joukkueet\/blizzard\/\" target=\"_self\" rel=\"noopener\"><svg width=\"28\" height=\"10\" viewBox=\"0 0 28 10\" fill=\"none\" xmlns=\"http:\/\/www.w3.org\/2000\/svg\"><path d=\"M27.7143 4.6623V5.3377L22 10C22 8.01883 23.2911 6.26279 25.1987 5.63651L27.1437 4.99795L25.1987 4.35939C23.2911 3.73721 22 1.98117 22 0L27.7143 4.6623Z\" fill=\"#00261E\"><\/path><path d=\"M26.5 4L25 4.5L25.5 6.5L27.5 5.5V4.5L26.5 4Z\" fill=\"#00261E\"><\/path><line y1=\"5\" x2=\"26\" y2=\"5\" stroke=\"#00261E\" stroke-width=\"2\"><\/line><\/svg><span class=\"link-text\">spiritshakin.net\/blizzard<\/span><\/a><br>\n<\/div>\n<\/div>\n<\/div>\n<\/div>\n\n\n\n<figure class=\"wp-block-image size-full is-resized\"><img loading=\"lazy\" decoding=\"async\" width=\"200\" height=\"200\" src=\"https:\/\/stephenindustries.com\/wp-content\/uploads\/2025\/09\/blizzard.jpg\" alt=\"\" class=\"wp-image-1725\" style=\"width:256px;height:auto\" srcset=\"https:\/\/stephenindustries.com\/wp-content\/uploads\/2025\/09\/blizzard.jpg 200w, https:\/\/stephenindustries.com\/wp-content\/uploads\/2025\/09\/blizzard-150x150.jpg 150w\" sizes=\"auto, (max-width: 200px) 100vw, 200px\" \/><\/figure>\n<\/div>\n\n\n\n<div class=\"wp-block-column is-layout-flow wp-block-column-is-layout-flow\" style=\"padding-right:7rem;flex-basis:54.4375%\">\n<p style=\"margin-bottom:1.81rem;font-size:1.56rem;line-height:1.16\">Blizzard on Keski-Uudellamaalla toimiva Spirit Shakin\u2019 Cheerleaders seuran junioreiden (All Girl) level 5 cheerleadingin edustusjoukkue, joka on tarkoitettu v. 2007\u20132011 syntyneille urheilijoille.&#13;\n&#13;\nBlizzard on hallitseva Euroopan mestari ja viisinkertainen Suomenmestari junioreiden level 5-sarjassa! (2017, 2018, 2021, 2023, 2025).&#13;\n<\/p>\n\n\n\n<a class=\"wp-block-stephen-blocks-arrow-button\" target=\"_self\" rel=\"noopener\"><span class=\"link-text\">spiritshakin.net\/harjoittelu\/joukkueet\/blizzard\/<\/span><\/a>\n\n\n\n<div style=\"height:100px\" aria-hidden=\"true\" class=\"wp-block-spacer\"><\/div>\n\n\n\n<p><\/p>\n<\/div>\n<\/div>\n<\/div>\n\n\n\n<p><\/p>\n\n\n\n<div class=\"wp-block-group stephen-page-body-block big-body-block is-layout-constrained wp-block-group-is-layout-constrained\" style=\"padding-bottom:8.69rem\">\n<div class=\"wp-block-columns two-columns-title-text is-layout-flex wp-container-core-columns-is-layout-ec1b5d48 wp-block-columns-is-layout-flex\">\n<div class=\"wp-block-column is-layout-flow wp-block-column-is-layout-flow\" style=\"flex-basis:26.4375rem\">\n<div class=\"wp-block-group is-content-justification-left is-layout-constrained wp-container-core-group-is-layout-9c0cb6c6 wp-block-group-is-layout-constrained\">\n<p style=\"margin-bottom:0.94rem;font-size:2.63rem;font-style:normal;font-weight:500;line-height:1.05\">KY opiskelija yhdistys<\/p>\n<\/div>\n\n\n\n<a class=\"wp-block-stephen-blocks-arrow-button\" href=\"https:\/\/www.ky.fi\/\" target=\"_blank\" rel=\"noopener\"><svg width=\"28\" height=\"10\" viewBox=\"0 0 28 10\" fill=\"none\" xmlns=\"http:\/\/www.w3.org\/2000\/svg\"><path d=\"M27.7143 4.6623V5.3377L22 10C22 8.01883 23.2911 6.26279 25.1987 5.63651L27.1437 4.99795L25.1987 4.35939C23.2911 3.73721 22 1.98117 22 0L27.7143 4.6623Z\" fill=\"#00261E\"><\/path><path d=\"M26.5 4L25 4.5L25.5 6.5L27.5 5.5V4.5L26.5 4Z\" fill=\"#00261E\"><\/path><line y1=\"5\" x2=\"26\" y2=\"5\" stroke=\"#00261E\" stroke-width=\"2\"><\/line><\/svg><span class=\"link-text\">www.ky.fi<\/span><\/a><br>\n\n\n\n<figure class=\"wp-block-image size-large is-resized\"><img loading=\"lazy\" decoding=\"async\" width=\"1024\" height=\"1024\" src=\"https:\/\/stephenindustries.com\/wp-content\/uploads\/2025\/09\/5-1024x1024.jpg\" alt=\"\" class=\"wp-image-1739\" style=\"width:194px;height:auto\" srcset=\"https:\/\/stephenindustries.com\/wp-content\/uploads\/2025\/09\/5-1024x1024.jpg 1024w, https:\/\/stephenindustries.com\/wp-content\/uploads\/2025\/09\/5-300x300.jpg 300w, https:\/\/stephenindustries.com\/wp-content\/uploads\/2025\/09\/5-150x150.jpg 150w, https:\/\/stephenindustries.com\/wp-content\/uploads\/2025\/09\/5-768x768.jpg 768w, https:\/\/stephenindustries.com\/wp-content\/uploads\/2025\/09\/5-1536x1536.jpg 1536w, https:\/\/stephenindustries.com\/wp-content\/uploads\/2025\/09\/5-2048x2048.jpg 2048w\" sizes=\"auto, (max-width: 1024px) 100vw, 1024px\" \/><\/figure>\n<\/div>\n\n\n\n<div class=\"wp-block-column is-layout-flow wp-block-column-is-layout-flow\" style=\"padding-right:7rem;flex-basis:54.4375%\">\n<p style=\"margin-bottom:1.81rem;font-size:1.56rem;line-height:1.16\">KY on Aalto-yliopiston kauppatieteiden opiskelijoiden yhdistys. Yhdistys perustettiin 7. lokakuuta 1911 ensimm\u00e4isen suomenkielisen yliopistotasoisen kauppakorkeakoulun opiskelijayhdistykseksi.<\/p>\n\n\n\n<p style=\"font-size:1.56rem;line-height:1.16\"><\/p>\n\n\n\n<div class=\"wp-block-group is-layout-constrained wp-block-group-is-layout-constrained\">\n<a class=\"wp-block-stephen-blocks-arrow-button\" href=\"https:\/\/gnistan.fi\/kipinarahasto\" target=\"_blank\" rel=\"noopener\"><span class=\"link-text\">https:\/\/www.ky.fi\/<\/span><\/a>\n<\/div>\n\n\n\n<div style=\"height:100px\" aria-hidden=\"true\" class=\"wp-block-spacer\"><\/div>\n<\/div>\n<\/div>\n<\/div>\n<\/section>\n<\/div>\n","protected":false},"excerpt":{"rendered":"<p>Meill\u00e4 on korkeat standardit kaikissa ESG-linjauksissa \u2013 sek\u00e4 omassa yrityksess\u00e4mme ett\u00e4 kohdeyrityksiss\u00e4mme. Lis\u00e4ksi tuemme paikallista jalkapalloa ja lupaavia junioriurheilijoita FC Gnistanin ja sen Kipin\u00e4rahaston kautta. Tuemme my\u00f6s muita urheilujoukkueita ja yhdistyksi\u00e4 sponsorointien kautta. &#13; Gnistan Gnistan on vuonna 1924 perustettu perinteinen helsinkil\u00e4inen jalkapalloseura. Seuraan kuuluu l\u00e4hes 1200 rekister\u00f6itynytt\u00e4 pelaajaa, kannattajineen ja valmentajineen. Seura tarjoaa monipuoliset [&hellip;]<\/p>\n","protected":false},"author":4,"featured_media":0,"parent":1180,"menu_order":0,"comment_status":"closed","ping_status":"closed","template":"","meta":{"_acf_changed":false,"inline_featured_image":false,"footnotes":""},"class_list":["post-1182","page","type-page","status-publish","hentry"],"acf":[],"yoast_head":"<!-- This site is optimized with the Yoast SEO plugin v25.9 - https:\/\/yoast.com\/wordpress\/plugins\/seo\/ -->\n<title>Hyv\u00e4ntekev\u00e4isyys &amp; Sponsorointi - Stephen Industries<\/title>\n<meta name=\"robots\" content=\"index, follow, max-snippet:-1, max-image-preview:large, max-video-preview:-1\" \/>\n<link rel=\"canonical\" href=\"https:\/\/stephenindustries.com\/fi\/sijoitamme-tulevaisuuteen\/hyvantekevaisyys\/\" \/>\n<meta property=\"og:locale\" content=\"fi_FI\" \/>\n<meta property=\"og:type\" content=\"article\" \/>\n<meta property=\"og:title\" content=\"Hyv\u00e4ntekev\u00e4isyys &amp; Sponsorointi - Stephen Industries\" \/>\n<meta property=\"og:description\" content=\"Meill\u00e4 on korkeat standardit kaikissa ESG-linjauksissa \u2013 sek\u00e4 omassa yrityksess\u00e4mme ett\u00e4 kohdeyrityksiss\u00e4mme. Lis\u00e4ksi tuemme paikallista jalkapalloa ja lupaavia junioriurheilijoita FC Gnistanin ja sen Kipin\u00e4rahaston kautta. Tuemme my\u00f6s muita urheilujoukkueita ja yhdistyksi\u00e4 sponsorointien kautta. &#013; Gnistan Gnistan on vuonna 1924 perustettu perinteinen helsinkil\u00e4inen jalkapalloseura. Seuraan kuuluu l\u00e4hes 1200 rekister\u00f6itynytt\u00e4 pelaajaa, kannattajineen ja valmentajineen. Seura tarjoaa monipuoliset [&hellip;]\" \/>\n<meta property=\"og:url\" content=\"https:\/\/stephenindustries.com\/fi\/sijoitamme-tulevaisuuteen\/hyvantekevaisyys\/\" \/>\n<meta property=\"og:site_name\" content=\"Stephen Industries\" \/>\n<meta property=\"article:modified_time\" content=\"2026-03-17T12:12:09+00:00\" \/>\n<meta property=\"og:image\" content=\"https:\/\/stephenindustries.com\/wp-content\/uploads\/2025\/09\/if-gnistan-logo.png\" \/>\n<meta name=\"twitter:card\" content=\"summary_large_image\" \/>\n<meta name=\"twitter:label1\" content=\"Arvioitu lukuaika\" \/>\n\t<meta name=\"twitter:data1\" content=\"2 minuuttia\" \/>\n<script type=\"application\/ld+json\" class=\"yoast-schema-graph\">{\"@context\":\"https:\/\/schema.org\",\"@graph\":[{\"@type\":\"WebPage\",\"@id\":\"https:\/\/stephenindustries.com\/fi\/sijoitamme-tulevaisuuteen\/hyvantekevaisyys\/\",\"url\":\"https:\/\/stephenindustries.com\/fi\/sijoitamme-tulevaisuuteen\/hyvantekevaisyys\/\",\"name\":\"Hyv\u00e4ntekev\u00e4isyys & Sponsorointi - Stephen Industries\",\"isPartOf\":{\"@id\":\"https:\/\/stephenindustries.com\/fi\/#website\"},\"primaryImageOfPage\":{\"@id\":\"https:\/\/stephenindustries.com\/fi\/sijoitamme-tulevaisuuteen\/hyvantekevaisyys\/#primaryimage\"},\"image\":{\"@id\":\"https:\/\/stephenindustries.com\/fi\/sijoitamme-tulevaisuuteen\/hyvantekevaisyys\/#primaryimage\"},\"thumbnailUrl\":\"https:\/\/stephenindustries.com\/wp-content\/uploads\/2025\/09\/if-gnistan-logo.png\",\"datePublished\":\"2024-01-04T01:09:52+00:00\",\"dateModified\":\"2026-03-17T12:12:09+00:00\",\"breadcrumb\":{\"@id\":\"https:\/\/stephenindustries.com\/fi\/sijoitamme-tulevaisuuteen\/hyvantekevaisyys\/#breadcrumb\"},\"inLanguage\":\"fi\",\"potentialAction\":[{\"@type\":\"ReadAction\",\"target\":[\"https:\/\/stephenindustries.com\/fi\/sijoitamme-tulevaisuuteen\/hyvantekevaisyys\/\"]}]},{\"@type\":\"ImageObject\",\"inLanguage\":\"fi\",\"@id\":\"https:\/\/stephenindustries.com\/fi\/sijoitamme-tulevaisuuteen\/hyvantekevaisyys\/#primaryimage\",\"url\":\"https:\/\/stephenindustries.com\/wp-content\/uploads\/2025\/09\/if-gnistan-logo.png\",\"contentUrl\":\"https:\/\/stephenindustries.com\/wp-content\/uploads\/2025\/09\/if-gnistan-logo.png\"},{\"@type\":\"BreadcrumbList\",\"@id\":\"https:\/\/stephenindustries.com\/fi\/sijoitamme-tulevaisuuteen\/hyvantekevaisyys\/#breadcrumb\",\"itemListElement\":[{\"@type\":\"ListItem\",\"position\":1,\"name\":\"Home\",\"item\":\"https:\/\/stephenindustries.com\/fi\/\"},{\"@type\":\"ListItem\",\"position\":2,\"name\":\"Sijoitamme tulevaisuuteen\",\"item\":\"https:\/\/stephenindustries.com\/fi\/sijoitamme-tulevaisuuteen\/\"},{\"@type\":\"ListItem\",\"position\":3,\"name\":\"Hyv\u00e4ntekev\u00e4isyys &#038; Sponsorointi\"}]},{\"@type\":\"WebSite\",\"@id\":\"https:\/\/stephenindustries.com\/fi\/#website\",\"url\":\"https:\/\/stephenindustries.com\/fi\/\",\"name\":\"Stephen Industries\",\"description\":\"Creating futures since 1992\",\"publisher\":{\"@id\":\"https:\/\/stephenindustries.com\/fi\/#organization\"},\"potentialAction\":[{\"@type\":\"SearchAction\",\"target\":{\"@type\":\"EntryPoint\",\"urlTemplate\":\"https:\/\/stephenindustries.com\/fi\/?s={search_term_string}\"},\"query-input\":{\"@type\":\"PropertyValueSpecification\",\"valueRequired\":true,\"valueName\":\"search_term_string\"}}],\"inLanguage\":\"fi\"},{\"@type\":\"Organization\",\"@id\":\"https:\/\/stephenindustries.com\/fi\/#organization\",\"name\":\"Stephen Industries\",\"url\":\"https:\/\/stephenindustries.com\/fi\/\",\"logo\":{\"@type\":\"ImageObject\",\"inLanguage\":\"fi\",\"@id\":\"https:\/\/stephenindustries.com\/fi\/#\/schema\/logo\/image\/\",\"url\":\"https:\/\/stephenindustries.com\/wp-content\/uploads\/2024\/01\/stephen-industries-logo.svg\",\"contentUrl\":\"https:\/\/stephenindustries.com\/wp-content\/uploads\/2024\/01\/stephen-industries-logo.svg\",\"width\":265,\"height\":75,\"caption\":\"Stephen Industries\"},\"image\":{\"@id\":\"https:\/\/stephenindustries.com\/fi\/#\/schema\/logo\/image\/\"}}]}<\/script>\n<!-- \/ Yoast SEO plugin. -->","yoast_head_json":{"title":"Hyv\u00e4ntekev\u00e4isyys & Sponsorointi - Stephen Industries","robots":{"index":"index","follow":"follow","max-snippet":"max-snippet:-1","max-image-preview":"max-image-preview:large","max-video-preview":"max-video-preview:-1"},"canonical":"https:\/\/stephenindustries.com\/fi\/sijoitamme-tulevaisuuteen\/hyvantekevaisyys\/","og_locale":"fi_FI","og_type":"article","og_title":"Hyv\u00e4ntekev\u00e4isyys & Sponsorointi - Stephen Industries","og_description":"Meill\u00e4 on korkeat standardit kaikissa ESG-linjauksissa \u2013 sek\u00e4 omassa yrityksess\u00e4mme ett\u00e4 kohdeyrityksiss\u00e4mme. Lis\u00e4ksi tuemme paikallista jalkapalloa ja lupaavia junioriurheilijoita FC Gnistanin ja sen Kipin\u00e4rahaston kautta. Tuemme my\u00f6s muita urheilujoukkueita ja yhdistyksi\u00e4 sponsorointien kautta. &#13; Gnistan Gnistan on vuonna 1924 perustettu perinteinen helsinkil\u00e4inen jalkapalloseura. Seuraan kuuluu l\u00e4hes 1200 rekister\u00f6itynytt\u00e4 pelaajaa, kannattajineen ja valmentajineen. Seura tarjoaa monipuoliset [&hellip;]","og_url":"https:\/\/stephenindustries.com\/fi\/sijoitamme-tulevaisuuteen\/hyvantekevaisyys\/","og_site_name":"Stephen Industries","article_modified_time":"2026-03-17T12:12:09+00:00","og_image":[{"url":"https:\/\/stephenindustries.com\/wp-content\/uploads\/2025\/09\/if-gnistan-logo.png","type":"","width":"","height":""}],"twitter_card":"summary_large_image","twitter_misc":{"Arvioitu lukuaika":"2 minuuttia"},"schema":{"@context":"https:\/\/schema.org","@graph":[{"@type":"WebPage","@id":"https:\/\/stephenindustries.com\/fi\/sijoitamme-tulevaisuuteen\/hyvantekevaisyys\/","url":"https:\/\/stephenindustries.com\/fi\/sijoitamme-tulevaisuuteen\/hyvantekevaisyys\/","name":"Hyv\u00e4ntekev\u00e4isyys & Sponsorointi - Stephen Industries","isPartOf":{"@id":"https:\/\/stephenindustries.com\/fi\/#website"},"primaryImageOfPage":{"@id":"https:\/\/stephenindustries.com\/fi\/sijoitamme-tulevaisuuteen\/hyvantekevaisyys\/#primaryimage"},"image":{"@id":"https:\/\/stephenindustries.com\/fi\/sijoitamme-tulevaisuuteen\/hyvantekevaisyys\/#primaryimage"},"thumbnailUrl":"https:\/\/stephenindustries.com\/wp-content\/uploads\/2025\/09\/if-gnistan-logo.png","datePublished":"2024-01-04T01:09:52+00:00","dateModified":"2026-03-17T12:12:09+00:00","breadcrumb":{"@id":"https:\/\/stephenindustries.com\/fi\/sijoitamme-tulevaisuuteen\/hyvantekevaisyys\/#breadcrumb"},"inLanguage":"fi","potentialAction":[{"@type":"ReadAction","target":["https:\/\/stephenindustries.com\/fi\/sijoitamme-tulevaisuuteen\/hyvantekevaisyys\/"]}]},{"@type":"ImageObject","inLanguage":"fi","@id":"https:\/\/stephenindustries.com\/fi\/sijoitamme-tulevaisuuteen\/hyvantekevaisyys\/#primaryimage","url":"https:\/\/stephenindustries.com\/wp-content\/uploads\/2025\/09\/if-gnistan-logo.png","contentUrl":"https:\/\/stephenindustries.com\/wp-content\/uploads\/2025\/09\/if-gnistan-logo.png"},{"@type":"BreadcrumbList","@id":"https:\/\/stephenindustries.com\/fi\/sijoitamme-tulevaisuuteen\/hyvantekevaisyys\/#breadcrumb","itemListElement":[{"@type":"ListItem","position":1,"name":"Home","item":"https:\/\/stephenindustries.com\/fi\/"},{"@type":"ListItem","position":2,"name":"Sijoitamme tulevaisuuteen","item":"https:\/\/stephenindustries.com\/fi\/sijoitamme-tulevaisuuteen\/"},{"@type":"ListItem","position":3,"name":"Hyv\u00e4ntekev\u00e4isyys &#038; Sponsorointi"}]},{"@type":"WebSite","@id":"https:\/\/stephenindustries.com\/fi\/#website","url":"https:\/\/stephenindustries.com\/fi\/","name":"Stephen Industries","description":"Creating futures since 1992","publisher":{"@id":"https:\/\/stephenindustries.com\/fi\/#organization"},"potentialAction":[{"@type":"SearchAction","target":{"@type":"EntryPoint","urlTemplate":"https:\/\/stephenindustries.com\/fi\/?s={search_term_string}"},"query-input":{"@type":"PropertyValueSpecification","valueRequired":true,"valueName":"search_term_string"}}],"inLanguage":"fi"},{"@type":"Organization","@id":"https:\/\/stephenindustries.com\/fi\/#organization","name":"Stephen Industries","url":"https:\/\/stephenindustries.com\/fi\/","logo":{"@type":"ImageObject","inLanguage":"fi","@id":"https:\/\/stephenindustries.com\/fi\/#\/schema\/logo\/image\/","url":"https:\/\/stephenindustries.com\/wp-content\/uploads\/2024\/01\/stephen-industries-logo.svg","contentUrl":"https:\/\/stephenindustries.com\/wp-content\/uploads\/2024\/01\/stephen-industries-logo.svg","width":265,"height":75,"caption":"Stephen Industries"},"image":{"@id":"https:\/\/stephenindustries.com\/fi\/#\/schema\/logo\/image\/"}}]}},"_links":{"self":[{"href":"https:\/\/stephenindustries.com\/fi\/wp-json\/wp\/v2\/pages\/1182","targetHints":{"allow":["GET"]}}],"collection":[{"href":"https:\/\/stephenindustries.com\/fi\/wp-json\/wp\/v2\/pages"}],"about":[{"href":"https:\/\/stephenindustries.com\/fi\/wp-json\/wp\/v2\/types\/page"}],"author":[{"embeddable":true,"href":"https:\/\/stephenindustries.com\/fi\/wp-json\/wp\/v2\/users\/4"}],"replies":[{"embeddable":true,"href":"https:\/\/stephenindustries.com\/fi\/wp-json\/wp\/v2\/comments?post=1182"}],"version-history":[{"count":12,"href":"https:\/\/stephenindustries.com\/fi\/wp-json\/wp\/v2\/pages\/1182\/revisions"}],"predecessor-version":[{"id":2009,"href":"https:\/\/stephenindustries.com\/fi\/wp-json\/wp\/v2\/pages\/1182\/revisions\/2009"}],"up":[{"embeddable":true,"href":"https:\/\/stephenindustries.com\/fi\/wp-json\/wp\/v2\/pages\/1180"}],"wp:attachment":[{"href":"https:\/\/stephenindustries.com\/fi\/wp-json\/wp\/v2\/media?parent=1182"}],"curies":[{"name":"wp","href":"https:\/\/api.w.org\/{rel}","templated":true}]}}