{"id":1189,"date":"2024-01-03T01:13:38","date_gmt":"2024-01-02T23:13:38","guid":{"rendered":"https:\/\/stephenindustries.com\/ota-yhteytta\/"},"modified":"2025-08-20T10:31:54","modified_gmt":"2025-08-20T08:31:54","slug":"ota-yhteytta","status":"publish","type":"page","link":"https:\/\/stephenindustries.com\/fi\/ota-yhteytta\/","title":{"rendered":"Ota yhteytt\u00e4"},"content":{"rendered":"\n<section class=\"wp-block-group stephen-get-in-touch has-white-color has-dark-green-background-color has-text-color has-background has-link-color wp-elements-0ff5f2c91c720d3afd3b72445f75417a is-layout-constrained wp-container-core-group-is-layout-464cedae wp-block-group-is-layout-constrained\" style=\"border-top-left-radius:0rem;border-top-right-radius:0rem;padding-top:8.13rem;padding-right:3.75rem;padding-bottom:8.75rem;padding-left:3.75rem\">\n<div class=\"wp-block-group page-title-block is-layout-constrained wp-block-group-is-layout-constrained\" style=\"padding-bottom:6.13rem\">\n<div class=\"wp-block-columns is-layout-flex wp-container-core-columns-is-layout-28f84493 wp-block-columns-is-layout-flex\">\n<div class=\"wp-block-column is-layout-flow wp-block-column-is-layout-flow\" style=\"flex-basis:44%\"><h1 class=\"has-link-color wp-elements-dd7d18ee13cdd6663343a64457b76360 wp-block-post-title has-text-color has-light-green-color\">Ota yhteytt\u00e4<\/h1><\/div>\n\n\n\n<div class=\"wp-block-column is-layout-flow wp-block-column-is-layout-flow\" style=\"padding-top:1.75rem;flex-basis:56%\">\n<p style=\"margin-bottom:1.63rem;font-size:1.5rem;line-height:1.3\">L\u00f6yd\u00e4t meid\u00e4t Epicenterist\u00e4, osoitteesta Mikonkatu 9, 001000 Helsinki<\/p>\n\n\n\n<div class=\"wp-block-buttons is-content-justification-left is-layout-flex wp-container-core-buttons-is-layout-b3da8c19 wp-block-buttons-is-layout-flex\" style=\"margin-bottom:2rem\">\n<div class=\"wp-block-button is-style-white is-style-fill\"><a class=\"wp-block-button__link has-white-color has-text-color has-link-color has-border-color has-white-border-color has-text-align-center wp-element-button\" href=\"https:\/\/maps.app.goo.gl\/5173LyQrxv7fVhR86\" target=\"_blank\" rel=\"noreferrer noopener\"><span class=\"hidden-on-mobile\">Saapumisohjeet\u00a0<\/span>Google map<span class=\"hidden-on-mobile\">sissa<\/span><img loading=\"lazy\" decoding=\"async\" width=\"24\" height=\"44\" class=\"wp-image-222\" style=\"width: 24px;\" src=\"https:\/\/stephenindustries.com\/wp-content\/uploads\/2024\/01\/button-arrow-white.svg\" alt=\"\"\/><\/a><\/div>\n<\/div>\n\n\n\n<p style=\"margin-bottom:1.63rem;font-size:1.5rem;line-height:1.3\"><\/p>\n\n\n\n<p style=\"margin-bottom:1.63rem;font-size:1.5rem;line-height:1.3\">Ehdota meille sijoitusmahdollisuutta<\/p>\n\n\n\n<a class=\"wp-block-stephen-blocks-link-wrapper disabled-link\" href=\"\">\n<div class=\"wp-block-buttons is-content-justification-left is-layout-flex wp-container-core-buttons-is-layout-b3da8c19 wp-block-buttons-is-layout-flex\" style=\"margin-bottom:2rem\">\n<div class=\"wp-block-button is-style-white is-style-fill\"><a class=\"wp-block-button__link has-white-color has-text-color has-link-color has-border-color has-white-border-color has-text-align-center wp-element-button\" href=\"https:\/\/stephenindustries.dialllog.co\/wf?id=1&amp;colorTheme=light\" target=\"_blank\" rel=\"noreferrer noopener\">Startupit<img loading=\"lazy\" decoding=\"async\" width=\"24\" height=\"44\" class=\"wp-image-222\" style=\"width: 24px;\" src=\"https:\/\/stephenindustries.com\/wp-content\/uploads\/2024\/01\/button-arrow-white.svg\" alt=\"\"\/><\/a><\/div>\n<\/div>\n\n\n\n<div class=\"wp-block-buttons is-content-justification-left is-layout-flex wp-container-core-buttons-is-layout-b3da8c19 wp-block-buttons-is-layout-flex\" style=\"margin-bottom:2rem\">\n<div class=\"wp-block-button is-style-white is-style-fill\"><a class=\"wp-block-button__link has-white-color has-text-color has-link-color has-border-color has-white-border-color has-text-align-center wp-element-button\" href=\"https:\/\/stephenindustries.dialllog.co\/wf?id=2&amp;colorTheme=light\" target=\"_blank\" rel=\"noreferrer noopener\">Kasvuhti\u00f6t ja PK yritykset<img loading=\"lazy\" decoding=\"async\" width=\"24\" height=\"44\" class=\"wp-image-222\" style=\"width: 24px;\" src=\"https:\/\/stephenindustries.com\/wp-content\/uploads\/2024\/01\/button-arrow-white.svg\" alt=\"\"\/><\/a><\/div>\n<\/div>\n\n\n\n<div class=\"wp-block-buttons is-content-justification-left is-layout-flex wp-container-core-buttons-is-layout-b3da8c19 wp-block-buttons-is-layout-flex\" style=\"margin-bottom:2rem\">\n<div class=\"wp-block-button is-style-white is-style-fill\"><a class=\"wp-block-button__link has-white-color has-text-color has-link-color has-border-color has-white-border-color has-text-align-center wp-element-button\" href=\"https:\/\/stephenindustries.dialllog.co\/wf?id=3&amp;colorTheme=light\" target=\"_blank\" rel=\"noreferrer noopener\">Rahastot<img loading=\"lazy\" decoding=\"async\" width=\"24\" height=\"44\" class=\"wp-image-222\" style=\"width: 24px;\" src=\"https:\/\/stephenindustries.com\/wp-content\/uploads\/2024\/01\/button-arrow-white.svg\" alt=\"\"\/><\/a><\/div>\n<\/div>\n<\/a>\n\n\n\n<p style=\"margin-bottom:1.63rem;font-size:1.5rem;line-height:1.3\">Aloita keskustelu tiimin kanssa<\/p>\n\n\n\n<div class=\"wp-block-buttons is-content-justification-left is-layout-flex wp-container-core-buttons-is-layout-b3da8c19 wp-block-buttons-is-layout-flex\" style=\"margin-bottom:2rem\">\n<div class=\"wp-block-button is-style-white is-style-fill\"><a class=\"wp-block-button__link has-white-color has-text-color has-link-color has-border-color has-white-border-color has-text-align-center wp-element-button\" href=\"https:\/\/stephenindustries.com\/fi\/tiimi\/\">N\u00e4e yhteystiedot<img loading=\"lazy\" decoding=\"async\" width=\"24\" height=\"44\" class=\"wp-image-222\" style=\"width: 24px;\" src=\"https:\/\/stephenindustries.com\/wp-content\/uploads\/2024\/01\/button-arrow-white.svg\" alt=\"\"\/><\/a><\/div>\n<\/div>\n\n\n\n<p style=\"margin-bottom:1.63rem;font-size:1.5rem;line-height:1.3\"><\/p>\n<\/div>\n<\/div>\n<\/div>\n\n\n\n<div class=\"wp-block-columns stephen-contact-form-columns is-layout-flex wp-container-core-columns-is-layout-28f84493 wp-block-columns-is-layout-flex\">\n<div class=\"wp-block-column is-layout-flow wp-block-column-is-layout-flow\" style=\"flex-basis:25.5%\">\n<div class=\"wp-block-group is-content-justification-left is-layout-constrained wp-container-core-group-is-layout-eb25c7fd wp-block-group-is-layout-constrained\" style=\"padding-top:1.44rem\">\n<p class=\"has-light-green-color has-text-color has-link-color wp-elements-a45adc8a3e0489f9fcc9cc410de89929\" style=\"font-size:1.38rem;line-height:0.9\"><\/p>\n<\/div>\n<\/div>\n\n\n\n<div class=\"wp-block-column is-layout-flow wp-block-column-is-layout-flow\" style=\"flex-basis:74.5%\">\n<div class=\"wp-block-group has-green-color has-background-background-color has-text-color has-background has-link-color wp-elements-58fa87bb0fee00eb6e20f4152c8dd978 is-layout-constrained wp-container-core-group-is-layout-336578cc wp-block-group-is-layout-constrained\" style=\"border-radius:2.5rem;padding-top:4.63rem;padding-right:2.94rem;padding-bottom:4.63rem;padding-left:2.94rem\"><noscript class=\"ninja-forms-noscript-message\">\n\tHuomautus: JavaScript vaaditaan t\u00e4t\u00e4 sis\u00e4lt\u00f6\u00e4 varten.<\/noscript>\nThis form is currently undergoing maintenance. Please try again later.\n<\/div>\n<\/div>\n<\/div>\n<\/section>\n\n<section class=\"wp-block-group highlights has-dark-green-color has-white-background-color has-text-color has-background has-link-color wp-elements-32a69efa0bebe6d7b144f99fefd031fb is-layout-constrained wp-container-core-group-is-layout-4b328d87 wp-block-group-is-layout-constrained\" style=\"padding-top:4.06rem;padding-right:3.75rem;padding-bottom:4.06rem;padding-left:3.75rem\">\n<h2 class=\"wp-block-heading has-text-align-center has-tiempos-text-font-family\" style=\"margin-bottom:2.44rem;font-size:2rem;font-style:normal;font-weight:300;line-height:1.1\">Kohokohdat<\/h2>\n\n\n\n<div class=\"wp-block-columns is-layout-flex wp-container-core-columns-is-layout-ec1b5d48 wp-block-columns-is-layout-flex\">\n<div class=\"wp-block-column card-link-pattern is-layout-flow wp-block-column-is-layout-flow\" style=\"flex-basis:33.33%\">\n<a class=\"wp-block-stephen-blocks-link-wrapper disabled-link pattern-card-link\" href=\"https:\/\/stephenindustries.com\/fi\/sijoitusstrategia\/#why-us\">\n<div class=\"wp-block-group is-vertical is-layout-flex wp-container-core-group-is-layout-fe9cc265 wp-block-group-is-layout-flex\">\n<div class=\"wp-block-group pattern-card-link--image-wrapper is-layout-constrained wp-block-group-is-layout-constrained\" style=\"margin-bottom:1.25rem\">\n<figure class=\"wp-block-image size-full has-custom-border\"><img loading=\"lazy\" decoding=\"async\" width=\"1200\" height=\"1383\" src=\"https:\/\/stephenindustries.com\/wp-content\/uploads\/2024\/02\/stephen-industries-kusta-busy.jpg\" alt=\"\" class=\"wp-image-1158\" style=\"border-radius:2.5rem\" srcset=\"https:\/\/stephenindustries.com\/wp-content\/uploads\/2024\/02\/stephen-industries-kusta-busy.jpg 1200w, https:\/\/stephenindustries.com\/wp-content\/uploads\/2024\/02\/stephen-industries-kusta-busy-260x300.jpg 260w, https:\/\/stephenindustries.com\/wp-content\/uploads\/2024\/02\/stephen-industries-kusta-busy-889x1024.jpg 889w, https:\/\/stephenindustries.com\/wp-content\/uploads\/2024\/02\/stephen-industries-kusta-busy-768x885.jpg 768w\" sizes=\"auto, (max-width: 1200px) 100vw, 1200px\" \/><\/figure>\n<\/div>\n\n\n\n<div class=\"wp-block-group width-100 is-horizontal is-content-justification-space-between is-nowrap is-layout-flex wp-container-core-group-is-layout-e78109a6 wp-block-group-is-layout-flex\">\n<div class=\"wp-block-group is-layout-constrained wp-container-core-group-is-layout-104c36ff wp-block-group-is-layout-constrained\">\n<p class=\"has-tiempos-text-font-family\" style=\"font-size:1.63rem;font-style:normal;font-weight:400;line-height:1.15\">Mik\u00e4 tekee meist\u00e4 loistavan kumppanin<\/p>\n<\/div>\n\n\n\n<div class=\"wp-block-group is-vertical is-content-justification-center is-layout-flex wp-container-core-group-is-layout-e64fa699 wp-block-group-is-layout-flex\" style=\"min-height:100%;padding-top:0.75rem;padding-right:0.63rem;line-height:0\">\n<div class=\"wp-block-group is-layout-constrained wp-container-core-group-is-layout-4effa80a wp-block-group-is-layout-constrained\">\n<figure class=\"wp-block-image size-large is-style-default\"><img loading=\"lazy\" decoding=\"async\" width=\"51\" height=\"13\" src=\"https:\/\/stephenindustries.com\/wp-content\/uploads\/2024\/01\/link-arrow.svg\" alt=\"\" class=\"wp-image-358\"\/><\/figure>\n<\/div>\n<\/div>\n<\/div>\n<\/div>\n<\/a>\n<\/div>\n\n\n\n<div class=\"wp-block-column is-layout-flow wp-block-column-is-layout-flow\" style=\"flex-basis:33.33%\">\n<a class=\"wp-block-stephen-blocks-link-wrapper disabled-link pattern-card-link\" href=\"https:\/\/stephenindustries.com\/fi\/sijoitusstrategia\/\">\n<div class=\"wp-block-group is-vertical is-layout-flex wp-container-core-group-is-layout-fe9cc265 wp-block-group-is-layout-flex\">\n<div class=\"wp-block-group pattern-card-link--image-wrapper is-layout-constrained wp-block-group-is-layout-constrained\" style=\"margin-bottom:1.25rem\">\n<figure class=\"wp-block-image size-full has-custom-border\"><img loading=\"lazy\" decoding=\"async\" width=\"1400\" height=\"934\" src=\"https:\/\/stephenindustries.com\/wp-content\/uploads\/2024\/01\/stephen-industries-busy-with-laptop.jpg\" alt=\"\" class=\"wp-image-686\" style=\"border-radius:2.5rem\" srcset=\"https:\/\/stephenindustries.com\/wp-content\/uploads\/2024\/01\/stephen-industries-busy-with-laptop.jpg 1400w, https:\/\/stephenindustries.com\/wp-content\/uploads\/2024\/01\/stephen-industries-busy-with-laptop-300x200.jpg 300w, https:\/\/stephenindustries.com\/wp-content\/uploads\/2024\/01\/stephen-industries-busy-with-laptop-1024x683.jpg 1024w, https:\/\/stephenindustries.com\/wp-content\/uploads\/2024\/01\/stephen-industries-busy-with-laptop-768x512.jpg 768w\" sizes=\"auto, (max-width: 1400px) 100vw, 1400px\" \/><\/figure>\n<\/div>\n\n\n\n<div class=\"wp-block-group width-100 is-horizontal is-content-justification-space-between is-nowrap is-layout-flex wp-container-core-group-is-layout-e78109a6 wp-block-group-is-layout-flex\">\n<div class=\"wp-block-group is-layout-constrained wp-container-core-group-is-layout-104c36ff wp-block-group-is-layout-constrained\">\n<p class=\"has-tiempos-text-font-family\" style=\"font-size:1.63rem;font-style:normal;font-weight:400;line-height:1.15\">Tutustu sijoitusstrategiaamme<\/p>\n<\/div>\n\n\n\n<div class=\"wp-block-group is-vertical is-content-justification-center is-layout-flex wp-container-core-group-is-layout-e64fa699 wp-block-group-is-layout-flex\" style=\"min-height:100%;padding-top:0.75rem;padding-right:0.63rem;line-height:0\">\n<div class=\"wp-block-group is-layout-constrained wp-container-core-group-is-layout-4effa80a wp-block-group-is-layout-constrained\">\n<figure class=\"wp-block-image size-large is-style-default\"><img loading=\"lazy\" decoding=\"async\" width=\"51\" height=\"13\" src=\"https:\/\/stephenindustries.com\/wp-content\/uploads\/2024\/01\/link-arrow.svg\" alt=\"\" class=\"wp-image-358\"\/><\/figure>\n<\/div>\n<\/div>\n<\/div>\n<\/div>\n<\/a>\n<\/div>\n\n\n\n<div class=\"wp-block-column is-layout-flow wp-block-column-is-layout-flow\" style=\"flex-basis:33.33%\">\n<a class=\"wp-block-stephen-blocks-link-wrapper disabled-link pattern-card-link\" href=\"https:\/\/stephenindustries.com\/fi\/tiimi\/\">\n<div class=\"wp-block-group is-vertical is-layout-flex wp-container-core-group-is-layout-fe9cc265 wp-block-group-is-layout-flex\">\n<div class=\"wp-block-group pattern-card-link--image-wrapper is-layout-constrained wp-block-group-is-layout-constrained\" style=\"margin-bottom:1.25rem\">\n<figure class=\"wp-block-image size-full has-custom-border\"><img loading=\"lazy\" decoding=\"async\" width=\"960\" height=\"1200\" src=\"https:\/\/stephenindustries.com\/wp-content\/uploads\/2024\/01\/stephen-industries-team-seppo-1.jpg\" alt=\"\" class=\"wp-image-433\" style=\"border-radius:2.5rem\" srcset=\"https:\/\/stephenindustries.com\/wp-content\/uploads\/2024\/01\/stephen-industries-team-seppo-1.jpg 960w, https:\/\/stephenindustries.com\/wp-content\/uploads\/2024\/01\/stephen-industries-team-seppo-1-240x300.jpg 240w, https:\/\/stephenindustries.com\/wp-content\/uploads\/2024\/01\/stephen-industries-team-seppo-1-819x1024.jpg 819w, https:\/\/stephenindustries.com\/wp-content\/uploads\/2024\/01\/stephen-industries-team-seppo-1-768x960.jpg 768w\" sizes=\"auto, (max-width: 960px) 100vw, 960px\" \/><\/figure>\n<\/div>\n\n\n\n<div class=\"wp-block-group width-100 is-horizontal is-content-justification-space-between is-nowrap is-layout-flex wp-container-core-group-is-layout-e78109a6 wp-block-group-is-layout-flex\">\n<div class=\"wp-block-group is-layout-constrained wp-container-core-group-is-layout-104c36ff wp-block-group-is-layout-constrained\">\n<p class=\"has-tiempos-text-font-family\" style=\"font-size:1.63rem;font-style:normal;font-weight:400;line-height:1.15\">Tapaa Seppo Siljamaa<\/p>\n<\/div>\n\n\n\n<div class=\"wp-block-group is-vertical is-content-justification-center is-layout-flex wp-container-core-group-is-layout-e64fa699 wp-block-group-is-layout-flex\" style=\"min-height:100%;padding-top:0.75rem;padding-right:0.63rem;line-height:0\">\n<div class=\"wp-block-group is-layout-constrained wp-container-core-group-is-layout-4effa80a wp-block-group-is-layout-constrained\">\n<figure class=\"wp-block-image size-large is-style-default\"><img loading=\"lazy\" decoding=\"async\" width=\"51\" height=\"13\" src=\"https:\/\/stephenindustries.com\/wp-content\/uploads\/2024\/01\/link-arrow.svg\" alt=\"\" class=\"wp-image-358\"\/><\/figure>\n<\/div>\n<\/div>\n<\/div>\n<\/div>\n<\/a>\n<\/div>\n<\/div>\n<\/section>\n","protected":false},"excerpt":{"rendered":"<p>L\u00f6yd\u00e4t meid\u00e4t Epicenterist\u00e4, osoitteesta Mikonkatu 9, 001000 Helsinki Ehdota meille sijoitusmahdollisuutta Aloita keskustelu tiimin kanssa Kohokohdat<\/p>\n","protected":false},"author":4,"featured_media":0,"parent":0,"menu_order":0,"comment_status":"closed","ping_status":"closed","template":"white-back-dark-menu","meta":{"_acf_changed":false,"inline_featured_image":false,"footnotes":""},"class_list":["post-1189","page","type-page","status-publish","hentry"],"acf":[],"yoast_head":"<!-- This site is optimized with the Yoast SEO plugin v25.9 - https:\/\/yoast.com\/wordpress\/plugins\/seo\/ -->\n<title>Ota yhteytt\u00e4 - Stephen Industries<\/title>\n<meta name=\"robots\" content=\"index, follow, max-snippet:-1, max-image-preview:large, max-video-preview:-1\" \/>\n<link rel=\"canonical\" href=\"https:\/\/stephenindustries.com\/fi\/ota-yhteytta\/\" \/>\n<meta property=\"og:locale\" content=\"fi_FI\" \/>\n<meta property=\"og:type\" content=\"article\" \/>\n<meta property=\"og:title\" content=\"Ota yhteytt\u00e4 - Stephen Industries\" \/>\n<meta property=\"og:description\" content=\"L\u00f6yd\u00e4t meid\u00e4t Epicenterist\u00e4, osoitteesta Mikonkatu 9, 001000 Helsinki Ehdota meille sijoitusmahdollisuutta Aloita keskustelu tiimin kanssa Kohokohdat\" \/>\n<meta property=\"og:url\" content=\"https:\/\/stephenindustries.com\/fi\/ota-yhteytta\/\" \/>\n<meta property=\"og:site_name\" content=\"Stephen Industries\" \/>\n<meta property=\"article:modified_time\" content=\"2025-08-20T08:31:54+00:00\" \/>\n<meta property=\"og:image\" content=\"https:\/\/stephenindustries.com\/wp-content\/uploads\/2024\/01\/button-arrow-white.svg\" \/>\n<meta name=\"twitter:card\" content=\"summary_large_image\" \/>\n<script type=\"application\/ld+json\" class=\"yoast-schema-graph\">{\"@context\":\"https:\/\/schema.org\",\"@graph\":[{\"@type\":\"WebPage\",\"@id\":\"https:\/\/stephenindustries.com\/fi\/ota-yhteytta\/\",\"url\":\"https:\/\/stephenindustries.com\/fi\/ota-yhteytta\/\",\"name\":\"Ota yhteytt\u00e4 - Stephen Industries\",\"isPartOf\":{\"@id\":\"https:\/\/stephenindustries.com\/fi\/#website\"},\"primaryImageOfPage\":{\"@id\":\"https:\/\/stephenindustries.com\/fi\/ota-yhteytta\/#primaryimage\"},\"image\":{\"@id\":\"https:\/\/stephenindustries.com\/fi\/ota-yhteytta\/#primaryimage\"},\"thumbnailUrl\":\"https:\/\/stephenindustries.com\/wp-content\/uploads\/2024\/01\/button-arrow-white.svg\",\"datePublished\":\"2024-01-02T23:13:38+00:00\",\"dateModified\":\"2025-08-20T08:31:54+00:00\",\"breadcrumb\":{\"@id\":\"https:\/\/stephenindustries.com\/fi\/ota-yhteytta\/#breadcrumb\"},\"inLanguage\":\"fi\",\"potentialAction\":[{\"@type\":\"ReadAction\",\"target\":[\"https:\/\/stephenindustries.com\/fi\/ota-yhteytta\/\"]}]},{\"@type\":\"ImageObject\",\"inLanguage\":\"fi\",\"@id\":\"https:\/\/stephenindustries.com\/fi\/ota-yhteytta\/#primaryimage\",\"url\":\"https:\/\/stephenindustries.com\/wp-content\/uploads\/2024\/01\/button-arrow-white.svg\",\"contentUrl\":\"https:\/\/stephenindustries.com\/wp-content\/uploads\/2024\/01\/button-arrow-white.svg\"},{\"@type\":\"BreadcrumbList\",\"@id\":\"https:\/\/stephenindustries.com\/fi\/ota-yhteytta\/#breadcrumb\",\"itemListElement\":[{\"@type\":\"ListItem\",\"position\":1,\"name\":\"Home\",\"item\":\"https:\/\/stephenindustries.com\/fi\/\"},{\"@type\":\"ListItem\",\"position\":2,\"name\":\"Ota yhteytt\u00e4\"}]},{\"@type\":\"WebSite\",\"@id\":\"https:\/\/stephenindustries.com\/fi\/#website\",\"url\":\"https:\/\/stephenindustries.com\/fi\/\",\"name\":\"Stephen Industries\",\"description\":\"Creating futures since 1992\",\"publisher\":{\"@id\":\"https:\/\/stephenindustries.com\/fi\/#organization\"},\"potentialAction\":[{\"@type\":\"SearchAction\",\"target\":{\"@type\":\"EntryPoint\",\"urlTemplate\":\"https:\/\/stephenindustries.com\/fi\/?s={search_term_string}\"},\"query-input\":{\"@type\":\"PropertyValueSpecification\",\"valueRequired\":true,\"valueName\":\"search_term_string\"}}],\"inLanguage\":\"fi\"},{\"@type\":\"Organization\",\"@id\":\"https:\/\/stephenindustries.com\/fi\/#organization\",\"name\":\"Stephen Industries\",\"url\":\"https:\/\/stephenindustries.com\/fi\/\",\"logo\":{\"@type\":\"ImageObject\",\"inLanguage\":\"fi\",\"@id\":\"https:\/\/stephenindustries.com\/fi\/#\/schema\/logo\/image\/\",\"url\":\"https:\/\/stephenindustries.com\/wp-content\/uploads\/2024\/01\/stephen-industries-logo.svg\",\"contentUrl\":\"https:\/\/stephenindustries.com\/wp-content\/uploads\/2024\/01\/stephen-industries-logo.svg\",\"width\":265,\"height\":75,\"caption\":\"Stephen Industries\"},\"image\":{\"@id\":\"https:\/\/stephenindustries.com\/fi\/#\/schema\/logo\/image\/\"}}]}<\/script>\n<!-- \/ Yoast SEO plugin. -->","yoast_head_json":{"title":"Ota yhteytt\u00e4 - Stephen Industries","robots":{"index":"index","follow":"follow","max-snippet":"max-snippet:-1","max-image-preview":"max-image-preview:large","max-video-preview":"max-video-preview:-1"},"canonical":"https:\/\/stephenindustries.com\/fi\/ota-yhteytta\/","og_locale":"fi_FI","og_type":"article","og_title":"Ota yhteytt\u00e4 - Stephen Industries","og_description":"L\u00f6yd\u00e4t meid\u00e4t Epicenterist\u00e4, osoitteesta Mikonkatu 9, 001000 Helsinki Ehdota meille sijoitusmahdollisuutta Aloita keskustelu tiimin kanssa Kohokohdat","og_url":"https:\/\/stephenindustries.com\/fi\/ota-yhteytta\/","og_site_name":"Stephen Industries","article_modified_time":"2025-08-20T08:31:54+00:00","og_image":[{"url":"https:\/\/stephenindustries.com\/wp-content\/uploads\/2024\/01\/button-arrow-white.svg","type":"","width":"","height":""}],"twitter_card":"summary_large_image","schema":{"@context":"https:\/\/schema.org","@graph":[{"@type":"WebPage","@id":"https:\/\/stephenindustries.com\/fi\/ota-yhteytta\/","url":"https:\/\/stephenindustries.com\/fi\/ota-yhteytta\/","name":"Ota yhteytt\u00e4 - Stephen Industries","isPartOf":{"@id":"https:\/\/stephenindustries.com\/fi\/#website"},"primaryImageOfPage":{"@id":"https:\/\/stephenindustries.com\/fi\/ota-yhteytta\/#primaryimage"},"image":{"@id":"https:\/\/stephenindustries.com\/fi\/ota-yhteytta\/#primaryimage"},"thumbnailUrl":"https:\/\/stephenindustries.com\/wp-content\/uploads\/2024\/01\/button-arrow-white.svg","datePublished":"2024-01-02T23:13:38+00:00","dateModified":"2025-08-20T08:31:54+00:00","breadcrumb":{"@id":"https:\/\/stephenindustries.com\/fi\/ota-yhteytta\/#breadcrumb"},"inLanguage":"fi","potentialAction":[{"@type":"ReadAction","target":["https:\/\/stephenindustries.com\/fi\/ota-yhteytta\/"]}]},{"@type":"ImageObject","inLanguage":"fi","@id":"https:\/\/stephenindustries.com\/fi\/ota-yhteytta\/#primaryimage","url":"https:\/\/stephenindustries.com\/wp-content\/uploads\/2024\/01\/button-arrow-white.svg","contentUrl":"https:\/\/stephenindustries.com\/wp-content\/uploads\/2024\/01\/button-arrow-white.svg"},{"@type":"BreadcrumbList","@id":"https:\/\/stephenindustries.com\/fi\/ota-yhteytta\/#breadcrumb","itemListElement":[{"@type":"ListItem","position":1,"name":"Home","item":"https:\/\/stephenindustries.com\/fi\/"},{"@type":"ListItem","position":2,"name":"Ota yhteytt\u00e4"}]},{"@type":"WebSite","@id":"https:\/\/stephenindustries.com\/fi\/#website","url":"https:\/\/stephenindustries.com\/fi\/","name":"Stephen Industries","description":"Creating futures since 1992","publisher":{"@id":"https:\/\/stephenindustries.com\/fi\/#organization"},"potentialAction":[{"@type":"SearchAction","target":{"@type":"EntryPoint","urlTemplate":"https:\/\/stephenindustries.com\/fi\/?s={search_term_string}"},"query-input":{"@type":"PropertyValueSpecification","valueRequired":true,"valueName":"search_term_string"}}],"inLanguage":"fi"},{"@type":"Organization","@id":"https:\/\/stephenindustries.com\/fi\/#organization","name":"Stephen Industries","url":"https:\/\/stephenindustries.com\/fi\/","logo":{"@type":"ImageObject","inLanguage":"fi","@id":"https:\/\/stephenindustries.com\/fi\/#\/schema\/logo\/image\/","url":"https:\/\/stephenindustries.com\/wp-content\/uploads\/2024\/01\/stephen-industries-logo.svg","contentUrl":"https:\/\/stephenindustries.com\/wp-content\/uploads\/2024\/01\/stephen-industries-logo.svg","width":265,"height":75,"caption":"Stephen Industries"},"image":{"@id":"https:\/\/stephenindustries.com\/fi\/#\/schema\/logo\/image\/"}}]}},"_links":{"self":[{"href":"https:\/\/stephenindustries.com\/fi\/wp-json\/wp\/v2\/pages\/1189","targetHints":{"allow":["GET"]}}],"collection":[{"href":"https:\/\/stephenindustries.com\/fi\/wp-json\/wp\/v2\/pages"}],"about":[{"href":"https:\/\/stephenindustries.com\/fi\/wp-json\/wp\/v2\/types\/page"}],"author":[{"embeddable":true,"href":"https:\/\/stephenindustries.com\/fi\/wp-json\/wp\/v2\/users\/4"}],"replies":[{"embeddable":true,"href":"https:\/\/stephenindustries.com\/fi\/wp-json\/wp\/v2\/comments?post=1189"}],"version-history":[{"count":13,"href":"https:\/\/stephenindustries.com\/fi\/wp-json\/wp\/v2\/pages\/1189\/revisions"}],"predecessor-version":[{"id":1683,"href":"https:\/\/stephenindustries.com\/fi\/wp-json\/wp\/v2\/pages\/1189\/revisions\/1683"}],"wp:attachment":[{"href":"https:\/\/stephenindustries.com\/fi\/wp-json\/wp\/v2\/media?parent=1189"}],"curies":[{"name":"wp","href":"https:\/\/api.w.org\/{rel}","templated":true}]}}