{"id":1229,"date":"2024-01-09T03:34:40","date_gmt":"2024-01-09T03:34:40","guid":{"rendered":"https:\/\/stephenindustries.com\/sijoitamme-tulevaisuuteen\/uutiset\/"},"modified":"2024-02-10T14:50:18","modified_gmt":"2024-02-10T14:50:18","slug":"uutiset","status":"publish","type":"page","link":"https:\/\/stephenindustries.com\/fi\/sijoitamme-tulevaisuuteen\/uutiset\/","title":{"rendered":"Uutiset"},"content":{"rendered":"\n<div class=\"wp-block-group stephen-breadcrumbs-page-container is-layout-constrained wp-block-group-is-layout-constrained\">\n<section class=\"wp-block-group stephen-breadcrumbs-block is-layout-constrained wp-container-core-group-is-layout-e31dcd61 wp-block-group-is-layout-constrained\" style=\"padding-right:3.75rem;padding-left:3.75rem\"><div class=\"wp-block-stephen-blocks-breadcrumbs\">\n\t<div class=\"breadcrumbs\"><\/div><\/div><\/section>\n\n\n\n<section class=\"wp-block-group stephen-content-block is-layout-constrained wp-container-core-group-is-layout-854089e4 wp-block-group-is-layout-constrained\" style=\"padding-top:5rem;padding-right:3.75rem;padding-left:3.75rem\">\n<div class=\"wp-block-group page-title-block is-layout-constrained wp-block-group-is-layout-constrained\"><h1 style=\"margin-bottom:2.38rem;\" class=\"has-link-color wp-elements-9e0692457af66515ca64aafa4a285151 wp-block-post-title has-text-color has-dark-green-color\">Uutiset<\/h1><\/div>\n\n\n\n<div class=\"wp-block-group stephen-page-body-block is-layout-constrained wp-block-group-is-layout-constrained\"><div class=\"wp-block-stephen-blocks-news-query\">\n\n\t\t\t\t<a class=\"link-wrapper--news-query--item\" href=\"https:\/\/stephenindustries.com\/fi\/stephen-industries-osallistui-alixlabs-15-miljoonan-euron-a-sarjan-rahoituskierrokseen-strategisena-sijoittajana\/\">\n\t\t\t\t<div class=\"news-query--item\">\n\t\t\t\t\t<div class=\"news-query--item--left-column\">\n\t\t\t\t\t\t<div class=\"news-query--item--date\"><time datetime=\"2024-01-09T03:34:40Z\">14.04.2026<\/time><\/div>\n\t\t\t\t\t\t<div class=\"news-query--item--title\">\n\t\t\t\t\t\t\t<h2>Stephen Industries osallistui AlixLabs 15 miljoonan euron A-sarjan rahoituskierrokseen strategisena sijoittajana<\/h2>\n\t\t\t\t\t\t<\/div>\n\t\t\t\t\t<\/div>\n\t\t\t\t\t<div class=\"news-query--item--right-column\">\n\t\t\t\t\t\t<svg xmlns=\"http:\/\/www.w3.org\/2000\/svg\" width=\"24\" height=\"44\" viewBox=\"0 0 24 44\" fill=\"none\">\n\t\t\t\t\t\t\t<path d=\"M23.202 20.0896V22.9998L0 43.0894C0 34.5527 5.24243 26.986 12.9877 24.2874L20.8852 21.5359L12.9877 18.7844C5.24243 16.1034 0 8.53675 0 0L23.202 20.0896Z\" fill=\"#00261E\"\/>\n\t\t\t\t\t\t<\/svg>\n\t\t\t\t\t<\/div>\n\t\t\t\t<\/div>\n\t\t\t<\/a>\n\t\t\t\t\t\t<a class=\"link-wrapper--news-query--item\" href=\"https:\/\/stephenindustries.com\/fi\/stephen-industries-lahjoittaa-20-000-euroa-suomen-cheerleadingliitolle\/\">\n\t\t\t\t<div class=\"news-query--item\">\n\t\t\t\t\t<div class=\"news-query--item--left-column\">\n\t\t\t\t\t\t<div class=\"news-query--item--date\"><time datetime=\"2024-01-09T03:34:40Z\">23.03.2026<\/time><\/div>\n\t\t\t\t\t\t<div class=\"news-query--item--title\">\n\t\t\t\t\t\t\t<h2>Stephen Industries lahjoittaa 20 000 euroa Suomen Cheerleadingliitolle<\/h2>\n\t\t\t\t\t\t<\/div>\n\t\t\t\t\t<\/div>\n\t\t\t\t\t<div class=\"news-query--item--right-column\">\n\t\t\t\t\t\t<svg xmlns=\"http:\/\/www.w3.org\/2000\/svg\" width=\"24\" height=\"44\" viewBox=\"0 0 24 44\" fill=\"none\">\n\t\t\t\t\t\t\t<path d=\"M23.202 20.0896V22.9998L0 43.0894C0 34.5527 5.24243 26.986 12.9877 24.2874L20.8852 21.5359L12.9877 18.7844C5.24243 16.1034 0 8.53675 0 0L23.202 20.0896Z\" fill=\"#00261E\"\/>\n\t\t\t\t\t\t<\/svg>\n\t\t\t\t\t<\/div>\n\t\t\t\t<\/div>\n\t\t\t<\/a>\n\t\t\t\t\t\t<a class=\"link-wrapper--news-query--item\" href=\"https:\/\/stephenindustries.com\/fi\/anchor-ventures-ja-stephen-industries-aloittavat-kumppanuuden-pohjanmaan-alueen-yrityksiin-kohdistuvissa-investoinneissa\/\">\n\t\t\t\t<div class=\"news-query--item\">\n\t\t\t\t\t<div class=\"news-query--item--left-column\">\n\t\t\t\t\t\t<div class=\"news-query--item--date\"><time datetime=\"2024-01-09T03:34:40Z\">03.03.2026<\/time><\/div>\n\t\t\t\t\t\t<div class=\"news-query--item--title\">\n\t\t\t\t\t\t\t<h2>Stephen Industries ja Anchor Ventures aloittavat kumppanuuden Pohjanmaan alueen yrityksiin kohdistuvissa investoinneissa<\/h2>\n\t\t\t\t\t\t<\/div>\n\t\t\t\t\t<\/div>\n\t\t\t\t\t<div class=\"news-query--item--right-column\">\n\t\t\t\t\t\t<svg xmlns=\"http:\/\/www.w3.org\/2000\/svg\" width=\"24\" height=\"44\" viewBox=\"0 0 24 44\" fill=\"none\">\n\t\t\t\t\t\t\t<path d=\"M23.202 20.0896V22.9998L0 43.0894C0 34.5527 5.24243 26.986 12.9877 24.2874L20.8852 21.5359L12.9877 18.7844C5.24243 16.1034 0 8.53675 0 0L23.202 20.0896Z\" fill=\"#00261E\"\/>\n\t\t\t\t\t\t<\/svg>\n\t\t\t\t\t<\/div>\n\t\t\t\t<\/div>\n\t\t\t<\/a>\n\t\t\t\t\t\t<a class=\"link-wrapper--news-query--item\" href=\"https:\/\/stephenindustries.com\/fi\/portfolioyhtiomme-goodio-lanseeraa-ensimmaiset-praliininsa-juuri-sopivasti-ystavanpaivaksi-%f0%9f%92%9d\/\">\n\t\t\t\t<div class=\"news-query--item\">\n\t\t\t\t\t<div class=\"news-query--item--left-column\">\n\t\t\t\t\t\t<div class=\"news-query--item--date\"><time datetime=\"2024-01-09T03:34:40Z\">09.02.2026<\/time><\/div>\n\t\t\t\t\t\t<div class=\"news-query--item--title\">\n\t\t\t\t\t\t\t<h2>Portfolioyhti\u00f6mme Goodio lanseeraa ensimm\u00e4iset praliininsa \u2013 juuri sopivasti yst\u00e4v\u00e4np\u00e4iv\u00e4ksi \ud83d\udc9d<\/h2>\n\t\t\t\t\t\t<\/div>\n\t\t\t\t\t<\/div>\n\t\t\t\t\t<div class=\"news-query--item--right-column\">\n\t\t\t\t\t\t<svg xmlns=\"http:\/\/www.w3.org\/2000\/svg\" width=\"24\" height=\"44\" viewBox=\"0 0 24 44\" fill=\"none\">\n\t\t\t\t\t\t\t<path d=\"M23.202 20.0896V22.9998L0 43.0894C0 34.5527 5.24243 26.986 12.9877 24.2874L20.8852 21.5359L12.9877 18.7844C5.24243 16.1034 0 8.53675 0 0L23.202 20.0896Z\" fill=\"#00261E\"\/>\n\t\t\t\t\t\t<\/svg>\n\t\t\t\t\t<\/div>\n\t\t\t\t<\/div>\n\t\t\t<\/a>\n\t\t\t\t\t\t<a class=\"link-wrapper--news-query--item\" href=\"https:\/\/stephenindustries.com\/fi\/frepress-on-kerannyt-1-miljoonaa-euroa-tukemaan-seuraavaa-kasvuvaihetta\/\">\n\t\t\t\t<div class=\"news-query--item\">\n\t\t\t\t\t<div class=\"news-query--item--left-column\">\n\t\t\t\t\t\t<div class=\"news-query--item--date\"><time datetime=\"2024-01-09T03:34:40Z\">09.12.2025<\/time><\/div>\n\t\t\t\t\t\t<div class=\"news-query--item--title\">\n\t\t\t\t\t\t\t<h2>Frepress on ker\u00e4nnyt 1 miljoonaa euroa tukemaan seuraavaa kasvuvaihetta<\/h2>\n\t\t\t\t\t\t<\/div>\n\t\t\t\t\t<\/div>\n\t\t\t\t\t<div class=\"news-query--item--right-column\">\n\t\t\t\t\t\t<svg xmlns=\"http:\/\/www.w3.org\/2000\/svg\" width=\"24\" height=\"44\" viewBox=\"0 0 24 44\" fill=\"none\">\n\t\t\t\t\t\t\t<path d=\"M23.202 20.0896V22.9998L0 43.0894C0 34.5527 5.24243 26.986 12.9877 24.2874L20.8852 21.5359L12.9877 18.7844C5.24243 16.1034 0 8.53675 0 0L23.202 20.0896Z\" fill=\"#00261E\"\/>\n\t\t\t\t\t\t<\/svg>\n\t\t\t\t\t<\/div>\n\t\t\t\t<\/div>\n\t\t\t<\/a>\n\t\t\t\t\t\t<a class=\"link-wrapper--news-query--item\" href=\"https:\/\/stephenindustries.com\/fi\/if-gnistan-ottaa-vastaan-kansallisen-liigan-paikan-pk-35lta\/\">\n\t\t\t\t<div class=\"news-query--item\">\n\t\t\t\t\t<div class=\"news-query--item--left-column\">\n\t\t\t\t\t\t<div class=\"news-query--item--date\"><time datetime=\"2024-01-09T03:34:40Z\">24.11.2025<\/time><\/div>\n\t\t\t\t\t\t<div class=\"news-query--item--title\">\n\t\t\t\t\t\t\t<h2>IF Gnistan ottaa vastaan Kansallisen Liigan paikan PK-35:lt\u00e4<\/h2>\n\t\t\t\t\t\t<\/div>\n\t\t\t\t\t<\/div>\n\t\t\t\t\t<div class=\"news-query--item--right-column\">\n\t\t\t\t\t\t<svg xmlns=\"http:\/\/www.w3.org\/2000\/svg\" width=\"24\" height=\"44\" viewBox=\"0 0 24 44\" fill=\"none\">\n\t\t\t\t\t\t\t<path d=\"M23.202 20.0896V22.9998L0 43.0894C0 34.5527 5.24243 26.986 12.9877 24.2874L20.8852 21.5359L12.9877 18.7844C5.24243 16.1034 0 8.53675 0 0L23.202 20.0896Z\" fill=\"#00261E\"\/>\n\t\t\t\t\t\t<\/svg>\n\t\t\t\t\t<\/div>\n\t\t\t\t<\/div>\n\t\t\t<\/a>\n\t\t\t\t\t\t<a class=\"link-wrapper--news-query--item\" href=\"https:\/\/stephenindustries.com\/fi\/stephen-industries-on-iloinen-voidessaan-ilmoittaa-osallistuneensa-suomalaisen-teollisuuden-markkinapaikka-cronvallin-viimeisimpaan-rahoituskierrokseen\/\">\n\t\t\t\t<div class=\"news-query--item\">\n\t\t\t\t\t<div class=\"news-query--item--left-column\">\n\t\t\t\t\t\t<div class=\"news-query--item--date\"><time datetime=\"2024-01-09T03:34:40Z\">13.11.2025<\/time><\/div>\n\t\t\t\t\t\t<div class=\"news-query--item--title\">\n\t\t\t\t\t\t\t<h2>Stephen Industries osallistui Cronvallin viimeisimp\u00e4\u00e4n rahoituskierrokseen<\/h2>\n\t\t\t\t\t\t<\/div>\n\t\t\t\t\t<\/div>\n\t\t\t\t\t<div class=\"news-query--item--right-column\">\n\t\t\t\t\t\t<svg xmlns=\"http:\/\/www.w3.org\/2000\/svg\" width=\"24\" height=\"44\" viewBox=\"0 0 24 44\" fill=\"none\">\n\t\t\t\t\t\t\t<path d=\"M23.202 20.0896V22.9998L0 43.0894C0 34.5527 5.24243 26.986 12.9877 24.2874L20.8852 21.5359L12.9877 18.7844C5.24243 16.1034 0 8.53675 0 0L23.202 20.0896Z\" fill=\"#00261E\"\/>\n\t\t\t\t\t\t<\/svg>\n\t\t\t\t\t<\/div>\n\t\t\t\t<\/div>\n\t\t\t<\/a>\n\t\t\t\t\t\t<a class=\"link-wrapper--news-query--item\" href=\"https:\/\/stephenindustries.com\/fi\/oululainen-perheyritys-rel-palvelu-oy-liittoutuu-stephen-industriesin-kanssa-vahvistaakseen-omistuspohjaansa\/\">\n\t\t\t\t<div class=\"news-query--item\">\n\t\t\t\t\t<div class=\"news-query--item--left-column\">\n\t\t\t\t\t\t<div class=\"news-query--item--date\"><time datetime=\"2024-01-09T03:34:40Z\">03.11.2025<\/time><\/div>\n\t\t\t\t\t\t<div class=\"news-query--item--title\">\n\t\t\t\t\t\t\t<h2>Oululainen perheyritys REL-palvelu Oy liittoutuu Stephen Industriesin kanssa vahvistaakseen omistuspohjaansa<\/h2>\n\t\t\t\t\t\t<\/div>\n\t\t\t\t\t<\/div>\n\t\t\t\t\t<div class=\"news-query--item--right-column\">\n\t\t\t\t\t\t<svg xmlns=\"http:\/\/www.w3.org\/2000\/svg\" width=\"24\" height=\"44\" viewBox=\"0 0 24 44\" fill=\"none\">\n\t\t\t\t\t\t\t<path d=\"M23.202 20.0896V22.9998L0 43.0894C0 34.5527 5.24243 26.986 12.9877 24.2874L20.8852 21.5359L12.9877 18.7844C5.24243 16.1034 0 8.53675 0 0L23.202 20.0896Z\" fill=\"#00261E\"\/>\n\t\t\t\t\t\t<\/svg>\n\t\t\t\t\t<\/div>\n\t\t\t\t<\/div>\n\t\t\t<\/a>\n\t\t\t\t\t\t<a class=\"link-wrapper--news-query--item\" href=\"https:\/\/stephenindustries.com\/fi\/mortaza-qanezadeh-osaksi-tiimiamme\/\">\n\t\t\t\t<div class=\"news-query--item\">\n\t\t\t\t\t<div class=\"news-query--item--left-column\">\n\t\t\t\t\t\t<div class=\"news-query--item--date\"><time datetime=\"2024-01-09T03:34:40Z\">01.09.2025<\/time><\/div>\n\t\t\t\t\t\t<div class=\"news-query--item--title\">\n\t\t\t\t\t\t\t<h2>Mortaza Qanezadeh osaksi tiimi\u00e4mme<\/h2>\n\t\t\t\t\t\t<\/div>\n\t\t\t\t\t<\/div>\n\t\t\t\t\t<div class=\"news-query--item--right-column\">\n\t\t\t\t\t\t<svg xmlns=\"http:\/\/www.w3.org\/2000\/svg\" width=\"24\" height=\"44\" viewBox=\"0 0 24 44\" fill=\"none\">\n\t\t\t\t\t\t\t<path d=\"M23.202 20.0896V22.9998L0 43.0894C0 34.5527 5.24243 26.986 12.9877 24.2874L20.8852 21.5359L12.9877 18.7844C5.24243 16.1034 0 8.53675 0 0L23.202 20.0896Z\" fill=\"#00261E\"\/>\n\t\t\t\t\t\t<\/svg>\n\t\t\t\t\t<\/div>\n\t\t\t\t<\/div>\n\t\t\t<\/a>\n\t\t\t\t\t\t<a class=\"link-wrapper--news-query--item\" href=\"https:\/\/stephenindustries.com\/fi\/blizzard-joukkue-voitti-euroopan-mestaruuden\/\">\n\t\t\t\t<div class=\"news-query--item\">\n\t\t\t\t\t<div class=\"news-query--item--left-column\">\n\t\t\t\t\t\t<div class=\"news-query--item--date\"><time datetime=\"2024-01-09T03:34:40Z\">30.06.2025<\/time><\/div>\n\t\t\t\t\t\t<div class=\"news-query--item--title\">\n\t\t\t\t\t\t\t<h2>Blizzard-joukkue voitti Euroopan mestaruuden!<\/h2>\n\t\t\t\t\t\t<\/div>\n\t\t\t\t\t<\/div>\n\t\t\t\t\t<div class=\"news-query--item--right-column\">\n\t\t\t\t\t\t<svg xmlns=\"http:\/\/www.w3.org\/2000\/svg\" width=\"24\" height=\"44\" viewBox=\"0 0 24 44\" fill=\"none\">\n\t\t\t\t\t\t\t<path d=\"M23.202 20.0896V22.9998L0 43.0894C0 34.5527 5.24243 26.986 12.9877 24.2874L20.8852 21.5359L12.9877 18.7844C5.24243 16.1034 0 8.53675 0 0L23.202 20.0896Z\" fill=\"#00261E\"\/>\n\t\t\t\t\t\t<\/svg>\n\t\t\t\t\t<\/div>\n\t\t\t\t<\/div>\n\t\t\t<\/a>\n\t\t\t<\/div><\/div>\n<\/section>\n<\/div>\n","protected":false},"excerpt":{"rendered":"","protected":false},"author":4,"featured_media":0,"parent":1180,"menu_order":0,"comment_status":"closed","ping_status":"closed","template":"","meta":{"_acf_changed":false,"inline_featured_image":false,"footnotes":""},"class_list":["post-1229","page","type-page","status-publish","hentry"],"acf":[],"yoast_head":"<!-- This site is optimized with the Yoast SEO plugin v25.9 - https:\/\/yoast.com\/wordpress\/plugins\/seo\/ -->\n<title>Uutiset - Stephen Industries<\/title>\n<meta name=\"robots\" content=\"index, follow, max-snippet:-1, max-image-preview:large, max-video-preview:-1\" \/>\n<link rel=\"canonical\" href=\"https:\/\/stephenindustries.com\/fi\/sijoitamme-tulevaisuuteen\/uutiset\/\" \/>\n<meta property=\"og:locale\" content=\"fi_FI\" \/>\n<meta property=\"og:type\" content=\"article\" \/>\n<meta property=\"og:title\" content=\"Uutiset - Stephen Industries\" \/>\n<meta property=\"og:url\" content=\"https:\/\/stephenindustries.com\/fi\/sijoitamme-tulevaisuuteen\/uutiset\/\" \/>\n<meta property=\"og:site_name\" content=\"Stephen Industries\" \/>\n<meta property=\"article:modified_time\" content=\"2024-02-10T14:50:18+00:00\" \/>\n<meta name=\"twitter:card\" content=\"summary_large_image\" \/>\n<script type=\"application\/ld+json\" class=\"yoast-schema-graph\">{\"@context\":\"https:\/\/schema.org\",\"@graph\":[{\"@type\":\"WebPage\",\"@id\":\"https:\/\/stephenindustries.com\/fi\/sijoitamme-tulevaisuuteen\/uutiset\/\",\"url\":\"https:\/\/stephenindustries.com\/fi\/sijoitamme-tulevaisuuteen\/uutiset\/\",\"name\":\"Uutiset - Stephen Industries\",\"isPartOf\":{\"@id\":\"https:\/\/stephenindustries.com\/fi\/#website\"},\"datePublished\":\"2024-01-09T03:34:40+00:00\",\"dateModified\":\"2024-02-10T14:50:18+00:00\",\"breadcrumb\":{\"@id\":\"https:\/\/stephenindustries.com\/fi\/sijoitamme-tulevaisuuteen\/uutiset\/#breadcrumb\"},\"inLanguage\":\"fi\",\"potentialAction\":[{\"@type\":\"ReadAction\",\"target\":[\"https:\/\/stephenindustries.com\/fi\/sijoitamme-tulevaisuuteen\/uutiset\/\"]}]},{\"@type\":\"BreadcrumbList\",\"@id\":\"https:\/\/stephenindustries.com\/fi\/sijoitamme-tulevaisuuteen\/uutiset\/#breadcrumb\",\"itemListElement\":[{\"@type\":\"ListItem\",\"position\":1,\"name\":\"Home\",\"item\":\"https:\/\/stephenindustries.com\/fi\/\"},{\"@type\":\"ListItem\",\"position\":2,\"name\":\"Uutiset\"}]},{\"@type\":\"WebSite\",\"@id\":\"https:\/\/stephenindustries.com\/fi\/#website\",\"url\":\"https:\/\/stephenindustries.com\/fi\/\",\"name\":\"Stephen Industries\",\"description\":\"Creating futures since 1992\",\"publisher\":{\"@id\":\"https:\/\/stephenindustries.com\/fi\/#organization\"},\"potentialAction\":[{\"@type\":\"SearchAction\",\"target\":{\"@type\":\"EntryPoint\",\"urlTemplate\":\"https:\/\/stephenindustries.com\/fi\/?s={search_term_string}\"},\"query-input\":{\"@type\":\"PropertyValueSpecification\",\"valueRequired\":true,\"valueName\":\"search_term_string\"}}],\"inLanguage\":\"fi\"},{\"@type\":\"Organization\",\"@id\":\"https:\/\/stephenindustries.com\/fi\/#organization\",\"name\":\"Stephen Industries\",\"url\":\"https:\/\/stephenindustries.com\/fi\/\",\"logo\":{\"@type\":\"ImageObject\",\"inLanguage\":\"fi\",\"@id\":\"https:\/\/stephenindustries.com\/fi\/#\/schema\/logo\/image\/\",\"url\":\"https:\/\/stephenindustries.com\/wp-content\/uploads\/2024\/01\/stephen-industries-logo.svg\",\"contentUrl\":\"https:\/\/stephenindustries.com\/wp-content\/uploads\/2024\/01\/stephen-industries-logo.svg\",\"width\":265,\"height\":75,\"caption\":\"Stephen Industries\"},\"image\":{\"@id\":\"https:\/\/stephenindustries.com\/fi\/#\/schema\/logo\/image\/\"}}]}<\/script>\n<!-- \/ Yoast SEO plugin. -->","yoast_head_json":{"title":"Uutiset - Stephen Industries","robots":{"index":"index","follow":"follow","max-snippet":"max-snippet:-1","max-image-preview":"max-image-preview:large","max-video-preview":"max-video-preview:-1"},"canonical":"https:\/\/stephenindustries.com\/fi\/sijoitamme-tulevaisuuteen\/uutiset\/","og_locale":"fi_FI","og_type":"article","og_title":"Uutiset - Stephen Industries","og_url":"https:\/\/stephenindustries.com\/fi\/sijoitamme-tulevaisuuteen\/uutiset\/","og_site_name":"Stephen Industries","article_modified_time":"2024-02-10T14:50:18+00:00","twitter_card":"summary_large_image","schema":{"@context":"https:\/\/schema.org","@graph":[{"@type":"WebPage","@id":"https:\/\/stephenindustries.com\/fi\/sijoitamme-tulevaisuuteen\/uutiset\/","url":"https:\/\/stephenindustries.com\/fi\/sijoitamme-tulevaisuuteen\/uutiset\/","name":"Uutiset - Stephen Industries","isPartOf":{"@id":"https:\/\/stephenindustries.com\/fi\/#website"},"datePublished":"2024-01-09T03:34:40+00:00","dateModified":"2024-02-10T14:50:18+00:00","breadcrumb":{"@id":"https:\/\/stephenindustries.com\/fi\/sijoitamme-tulevaisuuteen\/uutiset\/#breadcrumb"},"inLanguage":"fi","potentialAction":[{"@type":"ReadAction","target":["https:\/\/stephenindustries.com\/fi\/sijoitamme-tulevaisuuteen\/uutiset\/"]}]},{"@type":"BreadcrumbList","@id":"https:\/\/stephenindustries.com\/fi\/sijoitamme-tulevaisuuteen\/uutiset\/#breadcrumb","itemListElement":[{"@type":"ListItem","position":1,"name":"Home","item":"https:\/\/stephenindustries.com\/fi\/"},{"@type":"ListItem","position":2,"name":"Uutiset"}]},{"@type":"WebSite","@id":"https:\/\/stephenindustries.com\/fi\/#website","url":"https:\/\/stephenindustries.com\/fi\/","name":"Stephen Industries","description":"Creating futures since 1992","publisher":{"@id":"https:\/\/stephenindustries.com\/fi\/#organization"},"potentialAction":[{"@type":"SearchAction","target":{"@type":"EntryPoint","urlTemplate":"https:\/\/stephenindustries.com\/fi\/?s={search_term_string}"},"query-input":{"@type":"PropertyValueSpecification","valueRequired":true,"valueName":"search_term_string"}}],"inLanguage":"fi"},{"@type":"Organization","@id":"https:\/\/stephenindustries.com\/fi\/#organization","name":"Stephen Industries","url":"https:\/\/stephenindustries.com\/fi\/","logo":{"@type":"ImageObject","inLanguage":"fi","@id":"https:\/\/stephenindustries.com\/fi\/#\/schema\/logo\/image\/","url":"https:\/\/stephenindustries.com\/wp-content\/uploads\/2024\/01\/stephen-industries-logo.svg","contentUrl":"https:\/\/stephenindustries.com\/wp-content\/uploads\/2024\/01\/stephen-industries-logo.svg","width":265,"height":75,"caption":"Stephen Industries"},"image":{"@id":"https:\/\/stephenindustries.com\/fi\/#\/schema\/logo\/image\/"}}]}},"_links":{"self":[{"href":"https:\/\/stephenindustries.com\/fi\/wp-json\/wp\/v2\/pages\/1229","targetHints":{"allow":["GET"]}}],"collection":[{"href":"https:\/\/stephenindustries.com\/fi\/wp-json\/wp\/v2\/pages"}],"about":[{"href":"https:\/\/stephenindustries.com\/fi\/wp-json\/wp\/v2\/types\/page"}],"author":[{"embeddable":true,"href":"https:\/\/stephenindustries.com\/fi\/wp-json\/wp\/v2\/users\/4"}],"replies":[{"embeddable":true,"href":"https:\/\/stephenindustries.com\/fi\/wp-json\/wp\/v2\/comments?post=1229"}],"version-history":[{"count":1,"href":"https:\/\/stephenindustries.com\/fi\/wp-json\/wp\/v2\/pages\/1229\/revisions"}],"predecessor-version":[{"id":1230,"href":"https:\/\/stephenindustries.com\/fi\/wp-json\/wp\/v2\/pages\/1229\/revisions\/1230"}],"up":[{"embeddable":true,"href":"https:\/\/stephenindustries.com\/fi\/wp-json\/wp\/v2\/pages\/1180"}],"wp:attachment":[{"href":"https:\/\/stephenindustries.com\/fi\/wp-json\/wp\/v2\/media?parent=1229"}],"curies":[{"name":"wp","href":"https:\/\/api.w.org\/{rel}","templated":true}]}}